{"id":170,"date":"2024-12-04T16:00:20","date_gmt":"2024-12-04T16:00:20","guid":{"rendered":"https:\/\/marcin.bilski.pracownik.put.poznan.pl\/?page_id=170"},"modified":"2025-11-19T19:09:54","modified_gmt":"2025-11-19T19:09:54","slug":"technologia-materialow-drogowych","status":"publish","type":"page","link":"https:\/\/marcin.bilski.pracownik.put.poznan.pl\/index.php\/technologia-materialow-drogowych\/","title":{"rendered":"Technologia Materia\u0142\u00f3w Drogowych"},"content":{"rendered":"\n<div class=\"wp-block-columns is-layout-flex wp-container-core-columns-is-layout-28f84493 wp-block-columns-is-layout-flex\">\n<div class=\"wp-block-column is-layout-flow wp-block-column-is-layout-flow\"><\/div>\n\n\n\n<div class=\"wp-block-column is-layout-flow wp-block-column-is-layout-flow\"><\/div>\n\n\n\n<div class=\"wp-block-column is-layout-flow wp-block-column-is-layout-flow\">\n<div class=\"wp-block-columns is-layout-flex wp-container-core-columns-is-layout-28f84493 wp-block-columns-is-layout-flex\">\n<div class=\"wp-block-column is-layout-flow wp-block-column-is-layout-flow\">\n<div class=\"wp-block-columns is-layout-flex wp-container-core-columns-is-layout-28f84493 wp-block-columns-is-layout-flex\">\n<div class=\"wp-block-column is-layout-flow wp-block-column-is-layout-flow\"><\/div>\n<\/div>\n<\/div>\n<\/div>\n<\/div>\n<\/div>\n\n\n\n<div style=\"height:65px\" aria-hidden=\"true\" class=\"wp-block-spacer\"><\/div>\n\n\n\n<h2 class=\"wp-block-heading has-text-align-center has-border-color has-text-color has-link-color wp-elements-3db25d07a9ef31d567a19f16a97d4e49\" style=\"border-color:#026b02;border-width:1px;border-radius:50px;color:#026b02;padding-top:var(--wp--preset--spacing--20);padding-right:0;padding-bottom:var(--wp--preset--spacing--20);padding-left:0;font-size:25px\">Technologia Materia\u0142\u00f3w Drogowych<\/h2>\n\n\n\n<div style=\"height:60px\" aria-hidden=\"true\" class=\"wp-block-spacer\"><\/div>\n\n\n\n<div class=\"wp-block-columns is-layout-flex wp-container-core-columns-is-layout-28f84493 wp-block-columns-is-layout-flex\">\n<div class=\"wp-block-column is-layout-flow wp-block-column-is-layout-flow\">\n<figure class=\"wp-block-image aligncenter size-large is-resized has-custom-border\"><img loading=\"lazy\" decoding=\"async\" width=\"1024\" height=\"622\" src=\"https:\/\/marcin.bilski.pracownik.put.poznan.pl\/wp-content\/uploads\/2025\/01\/obraz-1024x622.png\" alt=\"\" class=\"wp-image-448\" style=\"border-radius:30px;width:450px\" srcset=\"https:\/\/marcin.bilski.pracownik.put.poznan.pl\/wp-content\/uploads\/2025\/01\/obraz-1024x622.png 1024w, https:\/\/marcin.bilski.pracownik.put.poznan.pl\/wp-content\/uploads\/2025\/01\/obraz-300x182.png 300w, https:\/\/marcin.bilski.pracownik.put.poznan.pl\/wp-content\/uploads\/2025\/01\/obraz-768x466.png 768w, https:\/\/marcin.bilski.pracownik.put.poznan.pl\/wp-content\/uploads\/2025\/01\/obraz.png 1179w\" sizes=\"auto, (max-width: 1024px) 100vw, 1024px\" \/><\/figure>\n<\/div>\n<\/div>\n\n\n\n<div style=\"height:35px\" aria-hidden=\"true\" class=\"wp-block-spacer\"><\/div>\n\n\n\n<h2 class=\"wp-block-heading has-text-align-center has-luminous-vivid-orange-color has-text-color has-link-color wp-elements-2ddf56e66b376e5344029f8ab2f939b2\" style=\"font-size:25px\">WYK\u0141ADY<\/h2>\n\n\n\n<div style=\"height:20px\" aria-hidden=\"true\" class=\"wp-block-spacer\"><\/div>\n\n\n\n<div class=\"wp-block-columns is-layout-flex wp-container-core-columns-is-layout-28f84493 wp-block-columns-is-layout-flex\">\n<div class=\"wp-block-column is-layout-flow wp-block-column-is-layout-flow\">\n<p class=\"has-text-align-center has-border-color has-luminous-vivid-orange-border-color has-luminous-vivid-orange-color has-text-color has-link-color wp-elements-1794f270e9ff66fdef3f9faee7ed6177\" style=\"border-width:2px;border-radius:10px;font-size:20px\"><strong><a href=\"https:\/\/marcin.bilski.pracownik.put.poznan.pl\/wp-content\/uploads\/2025\/10\/TMD-Wyklad-1.pdf\">wyk\u0142ad nr 1<\/a><\/strong><\/p>\n\n\n\n<p class=\"has-text-align-center has-border-color has-luminous-vivid-orange-border-color has-luminous-vivid-orange-color has-text-color has-link-color wp-elements-e59405f02d32d4c7a03888154e12d179\" style=\"border-width:2px;border-radius:10px;font-size:20px\"><strong><a href=\"https:\/\/marcin.bilski.pracownik.put.poznan.pl\/wp-content\/uploads\/2024\/12\/TMD-Wyklad-4.pdf\">wyk\u0142ad nr 4<\/a><\/strong><\/p>\n<\/div>\n\n\n\n<div class=\"wp-block-column is-layout-flow wp-block-column-is-layout-flow\">\n<p class=\"has-text-align-center has-border-color has-luminous-vivid-orange-color has-text-color has-link-color wp-elements-c564aa094db93e7c072e4da872a2b2ba\" style=\"border-color:#ff6900;border-width:2px;border-radius:10px;font-size:20px\"><strong><a href=\"https:\/\/marcin.bilski.pracownik.put.poznan.pl\/wp-content\/uploads\/2024\/12\/TMD-Wyklad-2.pdf\">wyk\u0142ad nr 2<\/a><\/strong><\/p>\n\n\n\n<p class=\"has-text-align-center has-border-color has-luminous-vivid-orange-color has-text-color has-link-color wp-elements-24326bb8d64fc9d8d7cf868c5770eb01\" style=\"border-color:#ff6900;border-width:2px;border-radius:10px;font-size:20px\"><strong><a href=\"https:\/\/marcin.bilski.pracownik.put.poznan.pl\/wp-content\/uploads\/2024\/12\/TMD-Wyklad-5.pdf\">wyk\u0142ad nr 5<\/a><\/strong><\/p>\n<\/div>\n\n\n\n<div class=\"wp-block-column is-layout-flow wp-block-column-is-layout-flow\">\n<p class=\"has-text-align-center has-border-color has-luminous-vivid-orange-color has-text-color has-link-color wp-elements-f6d03253c8f715611a4f7d333ab9e529\" style=\"border-color:#ff6900;border-width:2px;border-radius:10px;font-size:20px\"><strong><a href=\"https:\/\/marcin.bilski.pracownik.put.poznan.pl\/wp-content\/uploads\/2024\/12\/TMD-Wyklad-3.pdf\">wyk\u0142ad nr 3<\/a><\/strong><\/p>\n\n\n\n<p class=\"has-text-align-center has-border-color has-luminous-vivid-orange-color has-text-color has-link-color wp-elements-af53cd2105e45fa7bb8ae03f1489b6bf\" style=\"border-color:#ff6900;border-width:2px;border-radius:10px;font-size:20px\"><strong><a href=\"https:\/\/marcin.bilski.pracownik.put.poznan.pl\/wp-content\/uploads\/2024\/12\/TMD-Wyklad-6.pdf\">wyk\u0142ad nr 6<\/a><\/strong><\/p>\n<\/div>\n<\/div>\n\n\n\n<div style=\"height:130px\" aria-hidden=\"true\" class=\"wp-block-spacer\"><\/div>\n\n\n\n<div class=\"wp-block-columns is-layout-flex wp-container-core-columns-is-layout-28f84493 wp-block-columns-is-layout-flex\">\n<div class=\"wp-block-column is-layout-flow wp-block-column-is-layout-flow\">\n<figure class=\"wp-block-image aligncenter size-large is-resized has-custom-border\"><img loading=\"lazy\" decoding=\"async\" width=\"1024\" height=\"997\" src=\"https:\/\/marcin.bilski.pracownik.put.poznan.pl\/wp-content\/uploads\/2024\/12\/TMD2-1024x997.jpg\" alt=\"\" class=\"wp-image-194\" style=\"border-radius:30px;box-shadow:var(--wp--preset--shadow--deep);object-fit:cover;width:450px;height:250px\" srcset=\"https:\/\/marcin.bilski.pracownik.put.poznan.pl\/wp-content\/uploads\/2024\/12\/TMD2-1024x997.jpg 1024w, https:\/\/marcin.bilski.pracownik.put.poznan.pl\/wp-content\/uploads\/2024\/12\/TMD2-300x292.jpg 300w, https:\/\/marcin.bilski.pracownik.put.poznan.pl\/wp-content\/uploads\/2024\/12\/TMD2-768x747.jpg 768w, https:\/\/marcin.bilski.pracownik.put.poznan.pl\/wp-content\/uploads\/2024\/12\/TMD2.jpg 1043w\" sizes=\"auto, (max-width: 1024px) 100vw, 1024px\" \/><\/figure>\n<\/div>\n<\/div>\n\n\n\n<div style=\"height:35px\" aria-hidden=\"true\" class=\"wp-block-spacer\"><\/div>\n\n\n\n<h2 class=\"wp-block-heading has-text-align-center has-vivid-cyan-blue-color has-text-color has-link-color wp-elements-5938638e9027242130ae40b1fab1084e\" style=\"font-size:25px\">\u0106WICZENIA LABORATORYJNE<\/h2>\n\n\n\n<div style=\"height:20px\" aria-hidden=\"true\" class=\"wp-block-spacer\"><\/div>\n\n\n\n<div class=\"wp-block-columns is-layout-flex wp-container-core-columns-is-layout-28f84493 wp-block-columns-is-layout-flex\">\n<div class=\"wp-block-column is-layout-flow wp-block-column-is-layout-flow\">\n<p class=\"has-text-align-center has-border-color has-vivid-cyan-blue-border-color has-vivid-cyan-blue-color has-text-color has-link-color wp-elements-4e4da36960dc50a8d88eeee5230852f6\" style=\"border-width:2px;border-radius:10px;font-size:20px\"><strong><a href=\"https:\/\/marcin.bilski.pracownik.put.poznan.pl\/wp-content\/uploads\/2025\/10\/TMD-Laboratorium-1.pdf\">laboratoria nr 1<\/a><\/strong><\/p>\n\n\n\n<p class=\"has-text-align-center has-border-color has-vivid-cyan-blue-border-color has-vivid-cyan-blue-color has-text-color has-link-color wp-elements-7b8978d533582a3c4a169870608efdcd\" style=\"border-width:2px;border-radius:10px;font-size:20px\"><strong><a href=\"https:\/\/marcin.bilski.pracownik.put.poznan.pl\/wp-content\/uploads\/2025\/11\/TMD-Laboratorium-4.pdf\">laboratoria nr 4<\/a><\/strong><\/p>\n\n\n\n<p class=\"has-text-align-center has-border-color has-vivid-cyan-blue-border-color has-vivid-cyan-blue-color has-text-color has-link-color wp-elements-e28a68cab9fb50fa70f14937da1f347c\" style=\"border-width:2px;border-radius:10px;font-size:20px\"><strong><a href=\"https:\/\/marcin.bilski.pracownik.put.poznan.pl\/wp-content\/uploads\/2024\/12\/TMD-Sprawozdanie-przyklad.pdf\">wz\u00f3r sprawozdania z \u0107w.<\/a><\/strong><\/p>\n\n\n\n<p class=\"has-text-align-center has-border-color has-vivid-cyan-blue-border-color has-vivid-cyan-blue-color has-text-color has-link-color wp-elements-deb60fba90607cfe828460c80dedc42e\" style=\"border-width:2px;border-radius:10px;font-size:20px\"><strong><a href=\"https:\/\/marcin.bilski.pracownik.put.poznan.pl\/wp-content\/uploads\/2025\/02\/projekt-MMA.xlsx\">arkusz &#8211; projekt MMA<\/a><\/strong><\/p>\n<\/div>\n\n\n\n<div class=\"wp-block-column is-layout-flow wp-block-column-is-layout-flow\">\n<p class=\"has-text-align-center has-border-color has-vivid-cyan-blue-border-color has-vivid-cyan-blue-color has-text-color has-link-color wp-elements-aead9ced722d2cbe331a92f2a7acb06f\" style=\"border-width:2px;border-radius:10px;font-size:20px\"><strong><a href=\"https:\/\/marcin.bilski.pracownik.put.poznan.pl\/wp-content\/uploads\/2024\/12\/TMD-Laboratorium-2.pdf\"><strong>laboratoria<\/strong> nr 2<\/a><\/strong><\/p>\n\n\n\n<p class=\"has-text-align-center has-border-color has-vivid-cyan-blue-border-color has-vivid-cyan-blue-color has-text-color has-link-color wp-elements-3b758085389442a9cb7725d7fc4ffbfc\" style=\"border-width:2px;border-radius:10px;font-size:20px\"><strong><a href=\"https:\/\/marcin.bilski.pracownik.put.poznan.pl\/wp-content\/uploads\/2024\/12\/TMD-Laboratorium-5.pdf\"><strong>laboratoria<\/strong> nr 5<\/a><\/strong><\/p>\n\n\n\n<p class=\"has-text-align-center has-border-color has-vivid-cyan-blue-border-color has-vivid-cyan-blue-color has-text-color has-link-color wp-elements-59607f7277c068d80e33aaff1c3207c0\" style=\"border-width:2px;border-radius:10px;font-size:20px\"><strong><a href=\"https:\/\/marcin.bilski.pracownik.put.poznan.pl\/wp-content\/uploads\/2024\/12\/Karta-BTDC.pdf\"><strong>karta BTDC<\/strong><\/a><\/strong><\/p>\n\n\n\n<p class=\"has-text-align-center has-border-color has-vivid-cyan-blue-border-color has-vivid-cyan-blue-color has-text-color has-link-color wp-elements-cada70b291f9576eb3a1d2987ada84b8\" style=\"border-width:2px;border-radius:10px;font-size:20px\"><strong><strong><a href=\"https:\/\/marcin.bilski.pracownik.put.poznan.pl\/wp-content\/uploads\/2025\/03\/Karta-tematyczna-projekt-MMA.pdf\">karta tematyczna &#8211; projekt MMA<\/a><\/strong><\/strong><\/p>\n<\/div>\n\n\n\n<div class=\"wp-block-column is-layout-flow wp-block-column-is-layout-flow\">\n<p class=\"has-text-align-center has-border-color has-vivid-cyan-blue-border-color has-vivid-cyan-blue-color has-text-color has-link-color wp-elements-7a0037549f5d08b20d843786aace23f6\" style=\"border-width:2px;border-radius:10px;font-size:20px\"><strong><a href=\"https:\/\/marcin.bilski.pracownik.put.poznan.pl\/wp-content\/uploads\/2024\/12\/TMD-Laboratorium-3.pdf\"><strong>laboratoria<\/strong> nr 3<\/a><\/strong><\/p>\n\n\n\n<p class=\"has-text-align-center has-border-color has-vivid-cyan-blue-border-color has-vivid-cyan-blue-color has-text-color has-link-color wp-elements-ec28ecc7e14e02b8592dde40c3fa9171\" style=\"border-width:2px;border-radius:10px;font-size:20px\"><strong><a href=\"https:\/\/marcin.bilski.pracownik.put.poznan.pl\/wp-content\/uploads\/2025\/02\/TMD-Laboratorium-6.pdf\"><strong>laboratoria<\/strong> nr 6<\/a><\/strong><\/p>\n\n\n\n<p class=\"has-text-align-center has-border-color has-vivid-cyan-blue-border-color has-vivid-cyan-blue-color has-text-color has-link-color wp-elements-41838e5fe52d30a16e3f2897f52a7473\" style=\"border-width:2px;border-radius:10px;font-size:20px\"><strong><strong><strong><strong><a href=\"https:\/\/marcin.bilski.pracownik.put.poznan.pl\/wp-content\/uploads\/2024\/12\/wykres.jpg\">wyniki laboratoria nr 5<\/a><\/strong><\/strong><\/strong><\/strong><\/p>\n<\/div>\n<\/div>\n\n\n\n<div style=\"height:170px\" aria-hidden=\"true\" class=\"wp-block-spacer\"><\/div>\n\n\n\n<p><\/p>\n","protected":false},"excerpt":{"rendered":"<p>Technologia Materia\u0142\u00f3w Drogowych WYK\u0141ADY wyk\u0142ad nr 1 wyk\u0142ad nr 4 wyk\u0142ad nr 2 wyk\u0142ad nr 5 wyk\u0142ad nr 3 wyk\u0142ad [&hellip;]<\/p>\n","protected":false},"author":1,"featured_media":0,"parent":0,"menu_order":0,"comment_status":"closed","ping_status":"closed","template":"","meta":{"_uag_custom_page_level_css":"","site-sidebar-layout":"default","site-content-layout":"","ast-site-content-layout":"","site-content-style":"default","site-sidebar-style":"default","ast-global-header-display":"","ast-banner-title-visibility":"","ast-main-header-display":"","ast-hfb-above-header-display":"","ast-hfb-below-header-display":"","ast-hfb-mobile-header-display":"","site-post-title":"disabled","ast-breadcrumbs-content":"","ast-featured-img":"","footer-sml-layout":"","ast-disable-related-posts":"","theme-transparent-header-meta":"","adv-header-id-meta":"","stick-header-meta":"","header-above-stick-meta":"","header-main-stick-meta":"","header-below-stick-meta":"","astra-migrate-meta-layouts":"default","ast-page-background-enabled":"default","ast-page-background-meta":{"desktop":{"background-color":"var(--ast-global-color-4)","background-image":"","background-repeat":"repeat","background-position":"center center","background-size":"auto","background-attachment":"scroll","background-type":"","background-media":"","overlay-type":"","overlay-color":"","overlay-opacity":"","overlay-gradient":""},"tablet":{"background-color":"","background-image":"","background-repeat":"repeat","background-position":"center center","background-size":"auto","background-attachment":"scroll","background-type":"","background-media":"","overlay-type":"","overlay-color":"","overlay-opacity":"","overlay-gradient":""},"mobile":{"background-color":"","background-image":"","background-repeat":"repeat","background-position":"center center","background-size":"auto","background-attachment":"scroll","background-type":"","background-media":"","overlay-type":"","overlay-color":"","overlay-opacity":"","overlay-gradient":""}},"ast-content-background-meta":{"desktop":{"background-color":"var(--ast-global-color-5)","background-image":"","background-repeat":"repeat","background-position":"center center","background-size":"auto","background-attachment":"scroll","background-type":"","background-media":"","overlay-type":"","overlay-color":"","overlay-opacity":"","overlay-gradient":""},"tablet":{"background-color":"var(--ast-global-color-5)","background-image":"","background-repeat":"repeat","background-position":"center center","background-size":"auto","background-attachment":"scroll","background-type":"","background-media":"","overlay-type":"","overlay-color":"","overlay-opacity":"","overlay-gradient":""},"mobile":{"background-color":"var(--ast-global-color-5)","background-image":"","background-repeat":"repeat","background-position":"center center","background-size":"auto","background-attachment":"scroll","background-type":"","background-media":"","overlay-type":"","overlay-color":"","overlay-opacity":"","overlay-gradient":""}},"footnotes":""},"class_list":["post-170","page","type-page","status-publish","hentry"],"yoast_head":"<!-- This site is optimized with the Yoast SEO plugin v27.5 - https:\/\/yoast.com\/product\/yoast-seo-wordpress\/ -->\n<title>technologia materia\u0142\u00f3w drogowych<\/title>\n<meta name=\"description\" content=\"Materia\u0142y dydaktyczne z przedmiotu Technologia Materia\u0142\u00f3w Drogowych\" \/>\n<meta name=\"robots\" content=\"index, follow, max-snippet:-1, max-image-preview:large, max-video-preview:-1\" \/>\n<link rel=\"canonical\" href=\"https:\/\/marcin.bilski.pracownik.put.poznan.pl\/index.php\/technologia-materialow-drogowych\/\" \/>\n<meta property=\"og:locale\" content=\"pl_PL\" \/>\n<meta property=\"og:type\" content=\"article\" \/>\n<meta property=\"og:title\" content=\"technologia materia\u0142\u00f3w drogowych\" \/>\n<meta property=\"og:description\" content=\"Materia\u0142y dydaktyczne z przedmiotu Technologia Materia\u0142\u00f3w Drogowych\" \/>\n<meta property=\"og:url\" content=\"https:\/\/marcin.bilski.pracownik.put.poznan.pl\/index.php\/technologia-materialow-drogowych\/\" \/>\n<meta property=\"og:site_name\" content=\"Marcin Bilski - PUT Pozna\u0144\" \/>\n<meta property=\"article:modified_time\" content=\"2025-11-19T19:09:54+00:00\" \/>\n<meta property=\"og:image\" content=\"https:\/\/marcin.bilski.pracownik.put.poznan.pl\/wp-content\/uploads\/2025\/01\/obraz.png\" \/>\n\t<meta property=\"og:image:width\" content=\"1179\" \/>\n\t<meta property=\"og:image:height\" content=\"716\" \/>\n\t<meta property=\"og:image:type\" content=\"image\/png\" \/>\n<meta name=\"twitter:card\" content=\"summary_large_image\" \/>\n<meta name=\"twitter:label1\" content=\"Szacowany czas czytania\" \/>\n\t<meta name=\"twitter:data1\" content=\"2 minuty\" \/>\n<script type=\"application\/ld+json\" class=\"yoast-schema-graph\">{\"@context\":\"https:\\\/\\\/schema.org\",\"@graph\":[{\"@type\":\"WebPage\",\"@id\":\"https:\\\/\\\/marcin.bilski.pracownik.put.poznan.pl\\\/index.php\\\/technologia-materialow-drogowych\\\/\",\"url\":\"https:\\\/\\\/marcin.bilski.pracownik.put.poznan.pl\\\/index.php\\\/technologia-materialow-drogowych\\\/\",\"name\":\"technologia materia\u0142\u00f3w drogowych\",\"isPartOf\":{\"@id\":\"https:\\\/\\\/marcin.bilski.pracownik.put.poznan.pl\\\/#website\"},\"primaryImageOfPage\":{\"@id\":\"https:\\\/\\\/marcin.bilski.pracownik.put.poznan.pl\\\/index.php\\\/technologia-materialow-drogowych\\\/#primaryimage\"},\"image\":{\"@id\":\"https:\\\/\\\/marcin.bilski.pracownik.put.poznan.pl\\\/index.php\\\/technologia-materialow-drogowych\\\/#primaryimage\"},\"thumbnailUrl\":\"https:\\\/\\\/marcin.bilski.pracownik.put.poznan.pl\\\/wp-content\\\/uploads\\\/2025\\\/01\\\/obraz-1024x622.png\",\"datePublished\":\"2024-12-04T16:00:20+00:00\",\"dateModified\":\"2025-11-19T19:09:54+00:00\",\"description\":\"Materia\u0142y dydaktyczne z przedmiotu Technologia Materia\u0142\u00f3w Drogowych\",\"breadcrumb\":{\"@id\":\"https:\\\/\\\/marcin.bilski.pracownik.put.poznan.pl\\\/index.php\\\/technologia-materialow-drogowych\\\/#breadcrumb\"},\"inLanguage\":\"pl-PL\",\"potentialAction\":[{\"@type\":\"ReadAction\",\"target\":[\"https:\\\/\\\/marcin.bilski.pracownik.put.poznan.pl\\\/index.php\\\/technologia-materialow-drogowych\\\/\"]}]},{\"@type\":\"ImageObject\",\"inLanguage\":\"pl-PL\",\"@id\":\"https:\\\/\\\/marcin.bilski.pracownik.put.poznan.pl\\\/index.php\\\/technologia-materialow-drogowych\\\/#primaryimage\",\"url\":\"https:\\\/\\\/marcin.bilski.pracownik.put.poznan.pl\\\/wp-content\\\/uploads\\\/2025\\\/01\\\/obraz.png\",\"contentUrl\":\"https:\\\/\\\/marcin.bilski.pracownik.put.poznan.pl\\\/wp-content\\\/uploads\\\/2025\\\/01\\\/obraz.png\",\"width\":1179,\"height\":716},{\"@type\":\"BreadcrumbList\",\"@id\":\"https:\\\/\\\/marcin.bilski.pracownik.put.poznan.pl\\\/index.php\\\/technologia-materialow-drogowych\\\/#breadcrumb\",\"itemListElement\":[{\"@type\":\"ListItem\",\"position\":1,\"name\":\"Strona g\u0142\u00f3wna\",\"item\":\"https:\\\/\\\/marcin.bilski.pracownik.put.poznan.pl\\\/\"},{\"@type\":\"ListItem\",\"position\":2,\"name\":\"Technologia Materia\u0142\u00f3w Drogowych\"}]},{\"@type\":\"WebSite\",\"@id\":\"https:\\\/\\\/marcin.bilski.pracownik.put.poznan.pl\\\/#website\",\"url\":\"https:\\\/\\\/marcin.bilski.pracownik.put.poznan.pl\\\/\",\"name\":\"Marcin Bilski - PUT Pozna\u0144\",\"description\":\"\",\"publisher\":{\"@id\":\"https:\\\/\\\/marcin.bilski.pracownik.put.poznan.pl\\\/#organization\"},\"potentialAction\":[{\"@type\":\"SearchAction\",\"target\":{\"@type\":\"EntryPoint\",\"urlTemplate\":\"https:\\\/\\\/marcin.bilski.pracownik.put.poznan.pl\\\/?s={search_term_string}\"},\"query-input\":{\"@type\":\"PropertyValueSpecification\",\"valueRequired\":true,\"valueName\":\"search_term_string\"}}],\"inLanguage\":\"pl-PL\"},{\"@type\":\"Organization\",\"@id\":\"https:\\\/\\\/marcin.bilski.pracownik.put.poznan.pl\\\/#organization\",\"name\":\"Marcin Bilski - PUT Pozna\u0144\",\"url\":\"https:\\\/\\\/marcin.bilski.pracownik.put.poznan.pl\\\/\",\"logo\":{\"@type\":\"ImageObject\",\"inLanguage\":\"pl-PL\",\"@id\":\"https:\\\/\\\/marcin.bilski.pracownik.put.poznan.pl\\\/#\\\/schema\\\/logo\\\/image\\\/\",\"url\":\"https:\\\/\\\/marcin.bilski.pracownik.put.poznan.pl\\\/wp-content\\\/uploads\\\/2024\\\/12\\\/road-icon.png\",\"contentUrl\":\"https:\\\/\\\/marcin.bilski.pracownik.put.poznan.pl\\\/wp-content\\\/uploads\\\/2024\\\/12\\\/road-icon.png\",\"width\":512,\"height\":512,\"caption\":\"Marcin Bilski - PUT Pozna\u0144\"},\"image\":{\"@id\":\"https:\\\/\\\/marcin.bilski.pracownik.put.poznan.pl\\\/#\\\/schema\\\/logo\\\/image\\\/\"}}]}<\/script>\n<!-- \/ Yoast SEO plugin. -->","yoast_head_json":{"title":"technologia materia\u0142\u00f3w drogowych","description":"Materia\u0142y dydaktyczne z przedmiotu Technologia Materia\u0142\u00f3w Drogowych","robots":{"index":"index","follow":"follow","max-snippet":"max-snippet:-1","max-image-preview":"max-image-preview:large","max-video-preview":"max-video-preview:-1"},"canonical":"https:\/\/marcin.bilski.pracownik.put.poznan.pl\/index.php\/technologia-materialow-drogowych\/","og_locale":"pl_PL","og_type":"article","og_title":"technologia materia\u0142\u00f3w drogowych","og_description":"Materia\u0142y dydaktyczne z przedmiotu Technologia Materia\u0142\u00f3w Drogowych","og_url":"https:\/\/marcin.bilski.pracownik.put.poznan.pl\/index.php\/technologia-materialow-drogowych\/","og_site_name":"Marcin Bilski - PUT Pozna\u0144","article_modified_time":"2025-11-19T19:09:54+00:00","og_image":[{"width":1179,"height":716,"url":"https:\/\/marcin.bilski.pracownik.put.poznan.pl\/wp-content\/uploads\/2025\/01\/obraz.png","type":"image\/png"}],"twitter_card":"summary_large_image","twitter_misc":{"Szacowany czas czytania":"2 minuty"},"schema":{"@context":"https:\/\/schema.org","@graph":[{"@type":"WebPage","@id":"https:\/\/marcin.bilski.pracownik.put.poznan.pl\/index.php\/technologia-materialow-drogowych\/","url":"https:\/\/marcin.bilski.pracownik.put.poznan.pl\/index.php\/technologia-materialow-drogowych\/","name":"technologia materia\u0142\u00f3w drogowych","isPartOf":{"@id":"https:\/\/marcin.bilski.pracownik.put.poznan.pl\/#website"},"primaryImageOfPage":{"@id":"https:\/\/marcin.bilski.pracownik.put.poznan.pl\/index.php\/technologia-materialow-drogowych\/#primaryimage"},"image":{"@id":"https:\/\/marcin.bilski.pracownik.put.poznan.pl\/index.php\/technologia-materialow-drogowych\/#primaryimage"},"thumbnailUrl":"https:\/\/marcin.bilski.pracownik.put.poznan.pl\/wp-content\/uploads\/2025\/01\/obraz-1024x622.png","datePublished":"2024-12-04T16:00:20+00:00","dateModified":"2025-11-19T19:09:54+00:00","description":"Materia\u0142y dydaktyczne z przedmiotu Technologia Materia\u0142\u00f3w Drogowych","breadcrumb":{"@id":"https:\/\/marcin.bilski.pracownik.put.poznan.pl\/index.php\/technologia-materialow-drogowych\/#breadcrumb"},"inLanguage":"pl-PL","potentialAction":[{"@type":"ReadAction","target":["https:\/\/marcin.bilski.pracownik.put.poznan.pl\/index.php\/technologia-materialow-drogowych\/"]}]},{"@type":"ImageObject","inLanguage":"pl-PL","@id":"https:\/\/marcin.bilski.pracownik.put.poznan.pl\/index.php\/technologia-materialow-drogowych\/#primaryimage","url":"https:\/\/marcin.bilski.pracownik.put.poznan.pl\/wp-content\/uploads\/2025\/01\/obraz.png","contentUrl":"https:\/\/marcin.bilski.pracownik.put.poznan.pl\/wp-content\/uploads\/2025\/01\/obraz.png","width":1179,"height":716},{"@type":"BreadcrumbList","@id":"https:\/\/marcin.bilski.pracownik.put.poznan.pl\/index.php\/technologia-materialow-drogowych\/#breadcrumb","itemListElement":[{"@type":"ListItem","position":1,"name":"Strona g\u0142\u00f3wna","item":"https:\/\/marcin.bilski.pracownik.put.poznan.pl\/"},{"@type":"ListItem","position":2,"name":"Technologia Materia\u0142\u00f3w Drogowych"}]},{"@type":"WebSite","@id":"https:\/\/marcin.bilski.pracownik.put.poznan.pl\/#website","url":"https:\/\/marcin.bilski.pracownik.put.poznan.pl\/","name":"Marcin Bilski - PUT Pozna\u0144","description":"","publisher":{"@id":"https:\/\/marcin.bilski.pracownik.put.poznan.pl\/#organization"},"potentialAction":[{"@type":"SearchAction","target":{"@type":"EntryPoint","urlTemplate":"https:\/\/marcin.bilski.pracownik.put.poznan.pl\/?s={search_term_string}"},"query-input":{"@type":"PropertyValueSpecification","valueRequired":true,"valueName":"search_term_string"}}],"inLanguage":"pl-PL"},{"@type":"Organization","@id":"https:\/\/marcin.bilski.pracownik.put.poznan.pl\/#organization","name":"Marcin Bilski - PUT Pozna\u0144","url":"https:\/\/marcin.bilski.pracownik.put.poznan.pl\/","logo":{"@type":"ImageObject","inLanguage":"pl-PL","@id":"https:\/\/marcin.bilski.pracownik.put.poznan.pl\/#\/schema\/logo\/image\/","url":"https:\/\/marcin.bilski.pracownik.put.poznan.pl\/wp-content\/uploads\/2024\/12\/road-icon.png","contentUrl":"https:\/\/marcin.bilski.pracownik.put.poznan.pl\/wp-content\/uploads\/2024\/12\/road-icon.png","width":512,"height":512,"caption":"Marcin Bilski - PUT Pozna\u0144"},"image":{"@id":"https:\/\/marcin.bilski.pracownik.put.poznan.pl\/#\/schema\/logo\/image\/"}}]}},"uagb_featured_image_src":{"full":false,"thumbnail":false,"medium":false,"medium_large":false,"large":false,"1536x1536":false,"2048x2048":false},"uagb_author_info":{"display_name":"marcin.bilski","author_link":"https:\/\/marcin.bilski.pracownik.put.poznan.pl\/index.php\/author\/marcin-bilski\/"},"uagb_comment_info":0,"uagb_excerpt":"Technologia Materia\u0142\u00f3w Drogowych WYK\u0141ADY wyk\u0142ad nr 1 wyk\u0142ad nr 4 wyk\u0142ad nr 2 wyk\u0142ad nr 5 wyk\u0142ad nr 3 wyk\u0142ad [&hellip;]","_links":{"self":[{"href":"https:\/\/marcin.bilski.pracownik.put.poznan.pl\/index.php\/wp-json\/wp\/v2\/pages\/170","targetHints":{"allow":["GET"]}}],"collection":[{"href":"https:\/\/marcin.bilski.pracownik.put.poznan.pl\/index.php\/wp-json\/wp\/v2\/pages"}],"about":[{"href":"https:\/\/marcin.bilski.pracownik.put.poznan.pl\/index.php\/wp-json\/wp\/v2\/types\/page"}],"author":[{"embeddable":true,"href":"https:\/\/marcin.bilski.pracownik.put.poznan.pl\/index.php\/wp-json\/wp\/v2\/users\/1"}],"replies":[{"embeddable":true,"href":"https:\/\/marcin.bilski.pracownik.put.poznan.pl\/index.php\/wp-json\/wp\/v2\/comments?post=170"}],"version-history":[{"count":51,"href":"https:\/\/marcin.bilski.pracownik.put.poznan.pl\/index.php\/wp-json\/wp\/v2\/pages\/170\/revisions"}],"predecessor-version":[{"id":706,"href":"https:\/\/marcin.bilski.pracownik.put.poznan.pl\/index.php\/wp-json\/wp\/v2\/pages\/170\/revisions\/706"}],"wp:attachment":[{"href":"https:\/\/marcin.bilski.pracownik.put.poznan.pl\/index.php\/wp-json\/wp\/v2\/media?parent=170"}],"curies":[{"name":"wp","href":"https:\/\/api.w.org\/{rel}","templated":true}]}}