{"id":292,"date":"2024-12-04T18:27:01","date_gmt":"2024-12-04T18:27:01","guid":{"rendered":"https:\/\/marcin.bilski.pracownik.put.poznan.pl\/?page_id=292"},"modified":"2025-03-10T14:29:45","modified_gmt":"2025-03-10T14:29:45","slug":"pytania-na-egzamin-dyplomowy","status":"publish","type":"page","link":"https:\/\/marcin.bilski.pracownik.put.poznan.pl\/index.php\/pytania-na-egzamin-dyplomowy\/","title":{"rendered":"Pytania na egzamin dyplomowy"},"content":{"rendered":"\n<div class=\"wp-block-columns is-layout-flex wp-container-core-columns-is-layout-28f84493 wp-block-columns-is-layout-flex\">\n<div class=\"wp-block-column is-layout-flow wp-block-column-is-layout-flow\"><\/div>\n\n\n\n<div class=\"wp-block-column is-layout-flow wp-block-column-is-layout-flow\"><\/div>\n\n\n\n<div class=\"wp-block-column is-layout-flow wp-block-column-is-layout-flow\">\n<div class=\"wp-block-columns is-layout-flex wp-container-core-columns-is-layout-28f84493 wp-block-columns-is-layout-flex\">\n<div class=\"wp-block-column is-layout-flow wp-block-column-is-layout-flow\">\n<div class=\"wp-block-columns is-layout-flex wp-container-core-columns-is-layout-28f84493 wp-block-columns-is-layout-flex\">\n<div class=\"wp-block-column is-layout-flow wp-block-column-is-layout-flow\"><\/div>\n<\/div>\n<\/div>\n<\/div>\n<\/div>\n<\/div>\n\n\n\n<div style=\"height:90px\" aria-hidden=\"true\" class=\"wp-block-spacer\"><\/div>\n\n\n\n<div class=\"wp-block-columns is-layout-flex wp-container-core-columns-is-layout-28f84493 wp-block-columns-is-layout-flex\">\n<div class=\"wp-block-column is-layout-flow wp-block-column-is-layout-flow\">\n<h1 class=\"wp-block-heading has-text-align-left has-text-color has-link-color wp-elements-009fdcb28d8db043c6b8630216ecfc7a\" style=\"color:#026b02;font-size:35px\"><br><strong>Pytania na egzamin dyplomowy<\/strong><\/h1>\n<\/div>\n\n\n\n<div class=\"wp-block-column is-layout-flow wp-block-column-is-layout-flow\">\n<figure class=\"wp-block-image alignleft size-large is-resized has-custom-border wp-duotone-unset-1\"><img loading=\"lazy\" decoding=\"async\" width=\"731\" height=\"1024\" src=\"https:\/\/marcin.bilski.pracownik.put.poznan.pl\/wp-content\/uploads\/2024\/12\/dyplom-731x1024.png\" alt=\"\" class=\"has-border-color wp-image-314\" style=\"border-color:#010101;border-width:15px;border-radius:5px;width:auto;height:165px\" srcset=\"https:\/\/marcin.bilski.pracownik.put.poznan.pl\/wp-content\/uploads\/2024\/12\/dyplom-731x1024.png 731w, https:\/\/marcin.bilski.pracownik.put.poznan.pl\/wp-content\/uploads\/2024\/12\/dyplom-214x300.png 214w, https:\/\/marcin.bilski.pracownik.put.poznan.pl\/wp-content\/uploads\/2024\/12\/dyplom.png 745w\" sizes=\"auto, (max-width: 731px) 100vw, 731px\" \/><\/figure>\n<\/div>\n<\/div>\n\n\n\n<div style=\"height:30px\" aria-hidden=\"true\" class=\"wp-block-spacer\"><\/div>\n\n\n\n<h3 class=\"wp-block-heading\">I stopie\u0144<\/h3>\n\n\n\n<ol class=\"wp-block-list\">\n<li class=\"has-black-color has-text-color has-link-color wp-elements-467557c5ff48645e7a2beec34f1dfe29\" style=\"font-size:20px\">Wymie\u0144 i opisz rodzaje mieszanek mineralno-asfaltowych.<\/li>\n\n\n\n<li class=\"has-black-color has-text-color has-link-color wp-elements-2f038fbba0ec6fa6254baf00135a7a50\" style=\"font-size:20px\">Wymie\u0144 i opisz dzia\u0142anie modyfikator\u00f3w asfalt\u00f3w drogowych.<\/li>\n\n\n\n<li class=\"has-black-color has-text-color has-link-color wp-elements-3fda40937f6b27d0d9b3d728e2b19591\" style=\"font-size:20px\">Om\u00f3w zastosowanie geosyntetyk\u00f3w w budownictwie drogowym.<\/li>\n\n\n\n<li class=\"has-black-color has-text-color has-link-color wp-elements-ad80fa37845b565d5879c5d6b587a368\" style=\"font-size:20px\">Om\u00f3w spos\u00f3b projektowania nawierzchni drogowej wg Katalog\u00f3w.<\/li>\n\n\n\n<li class=\"has-black-color has-text-color has-link-color wp-elements-aec1fa4fb1d0d872303a431a56eef123\" style=\"font-size:20px\">Przedstaw r\u00f3\u017cnice pomi\u0119dzy konstrukcj\u0105 podatn\u0105, p\u00f3\u0142sztywn\u0105 i sztywn\u0105 nawierzchni drogowej.<\/li>\n<\/ol>\n\n\n\n<div style=\"height:50px\" aria-hidden=\"true\" class=\"wp-block-spacer\"><\/div>\n\n\n\n<h3 class=\"wp-block-heading\">II stopie\u0144<\/h3>\n\n\n\n<ol class=\"wp-block-list\">\n<li class=\"has-black-color has-text-color has-link-color wp-elements-467557c5ff48645e7a2beec34f1dfe29\" style=\"font-size:20px\">Wymie\u0144 i opisz rodzaje mieszanek mineralno-asfaltowych.<\/li>\n\n\n\n<li class=\"has-black-color has-text-color has-link-color wp-elements-2f038fbba0ec6fa6254baf00135a7a50\" style=\"font-size:20px\">Wymie\u0144 i opisz dzia\u0142anie modyfikator\u00f3w asfalt\u00f3w drogowych.<\/li>\n\n\n\n<li class=\"has-black-color has-text-color has-link-color wp-elements-3fda40937f6b27d0d9b3d728e2b19591\" style=\"font-size:20px\">Om\u00f3w zastosowanie geosyntetyk\u00f3w w budownictwie drogowym.<\/li>\n\n\n\n<li class=\"has-black-color has-text-color has-link-color wp-elements-ad80fa37845b565d5879c5d6b587a368\" style=\"font-size:20px\">Om\u00f3w spos\u00f3b projektowania nawierzchni drogowej wg Katalog\u00f3w.<\/li>\n\n\n\n<li class=\"has-black-color has-text-color has-link-color wp-elements-aec1fa4fb1d0d872303a431a56eef123\" style=\"font-size:20px\">Przedstaw r\u00f3\u017cnice pomi\u0119dzy konstrukcj\u0105 podatn\u0105, p\u00f3\u0142sztywn\u0105 i sztywn\u0105 nawierzchni drogowej.<\/li>\n\n\n\n<li class=\"has-black-color has-text-color has-link-color wp-elements-e0c15f98be93d1847fed5a6d8381b6bb\" style=\"font-size:20px\">Om\u00f3w sposoby wzmacniania pod\u0142o\u017ca gruntowego.<\/li>\n\n\n\n<li class=\"has-black-color has-text-color has-link-color wp-elements-1d2bd5dacd0e3f0d010a4cc755ddb9fa\" style=\"font-size:20px\">Wymie\u0144 rodzaje i typy Miejsc Obs\u0142ugi Podr\u00f3\u017cnych (MOP).<\/li>\n\n\n\n<li class=\"has-black-color has-text-color has-link-color wp-elements-b1473b3f77d55ba9de66ff218c62f54b\" style=\"font-size:20px\">Przedstaw r\u00f3\u017cnice w opisie lepiszcza asfaltowego wg norm PN-EN oraz specyfikacji Superpave.<\/li>\n\n\n\n<li class=\"has-black-color has-text-color has-link-color wp-elements-605c7a8ae0da7e3922c7fa55cf96fd6d\" style=\"font-size:20px\">Wymie\u0144 i opisz sprz\u0119t budowlany wykorzystywany trakcie budowy drogi.<\/li>\n\n\n\n<li class=\"has-black-color has-text-color has-link-color wp-elements-1a665cff87b645f28e30d7dc20a800ea\" style=\"font-size:20px\">Wymie\u0144 i opisz sprz\u0119t pomiarowy s\u0142u\u017c\u0105cy do diagnostyki nawierzchni drogowych.<\/li>\n<\/ol>\n\n\n\n<div style=\"height:200px\" aria-hidden=\"true\" class=\"wp-block-spacer\"><\/div>\n\n\n\n<p><\/p>\n","protected":false},"excerpt":{"rendered":"<p>Pytania na egzamin dyplomowy I stopie\u0144 II stopie\u0144<\/p>\n","protected":false},"author":1,"featured_media":0,"parent":0,"menu_order":0,"comment_status":"closed","ping_status":"closed","template":"","meta":{"_uag_custom_page_level_css":"","site-sidebar-layout":"default","site-content-layout":"","ast-site-content-layout":"","site-content-style":"default","site-sidebar-style":"default","ast-global-header-display":"","ast-banner-title-visibility":"","ast-main-header-display":"","ast-hfb-above-header-display":"","ast-hfb-below-header-display":"","ast-hfb-mobile-header-display":"","site-post-title":"disabled","ast-breadcrumbs-content":"","ast-featured-img":"","footer-sml-layout":"","ast-disable-related-posts":"","theme-transparent-header-meta":"","adv-header-id-meta":"","stick-header-meta":"","header-above-stick-meta":"","header-main-stick-meta":"","header-below-stick-meta":"","astra-migrate-meta-layouts":"default","ast-page-background-enabled":"default","ast-page-background-meta":{"desktop":{"background-color":"var(--ast-global-color-4)","background-image":"","background-repeat":"repeat","background-position":"center center","background-size":"auto","background-attachment":"scroll","background-type":"","background-media":"","overlay-type":"","overlay-color":"","overlay-opacity":"","overlay-gradient":""},"tablet":{"background-color":"","background-image":"","background-repeat":"repeat","background-position":"center center","background-size":"auto","background-attachment":"scroll","background-type":"","background-media":"","overlay-type":"","overlay-color":"","overlay-opacity":"","overlay-gradient":""},"mobile":{"background-color":"","background-image":"","background-repeat":"repeat","background-position":"center center","background-size":"auto","background-attachment":"scroll","background-type":"","background-media":"","overlay-type":"","overlay-color":"","overlay-opacity":"","overlay-gradient":""}},"ast-content-background-meta":{"desktop":{"background-color":"var(--ast-global-color-5)","background-image":"","background-repeat":"repeat","background-position":"center center","background-size":"auto","background-attachment":"scroll","background-type":"","background-media":"","overlay-type":"","overlay-color":"","overlay-opacity":"","overlay-gradient":""},"tablet":{"background-color":"var(--ast-global-color-5)","background-image":"","background-repeat":"repeat","background-position":"center center","background-size":"auto","background-attachment":"scroll","background-type":"","background-media":"","overlay-type":"","overlay-color":"","overlay-opacity":"","overlay-gradient":""},"mobile":{"background-color":"var(--ast-global-color-5)","background-image":"","background-repeat":"repeat","background-position":"center center","background-size":"auto","background-attachment":"scroll","background-type":"","background-media":"","overlay-type":"","overlay-color":"","overlay-opacity":"","overlay-gradient":""}},"footnotes":""},"class_list":["post-292","page","type-page","status-publish","hentry"],"yoast_head":"<!-- This site is optimized with the Yoast SEO plugin v27.5 - https:\/\/yoast.com\/product\/yoast-seo-wordpress\/ -->\n<title>pytania na egzamin dyplomowy<\/title>\n<meta name=\"description\" content=\"Lista pyta\u0144 na egzamin dyplomowy\" \/>\n<meta name=\"robots\" content=\"index, follow, max-snippet:-1, max-image-preview:large, max-video-preview:-1\" \/>\n<link rel=\"canonical\" href=\"https:\/\/marcin.bilski.pracownik.put.poznan.pl\/index.php\/pytania-na-egzamin-dyplomowy\/\" \/>\n<meta property=\"og:locale\" content=\"pl_PL\" \/>\n<meta property=\"og:type\" content=\"article\" \/>\n<meta property=\"og:title\" content=\"pytania na egzamin dyplomowy\" \/>\n<meta property=\"og:description\" content=\"Lista pyta\u0144 na egzamin dyplomowy\" \/>\n<meta property=\"og:url\" content=\"https:\/\/marcin.bilski.pracownik.put.poznan.pl\/index.php\/pytania-na-egzamin-dyplomowy\/\" \/>\n<meta property=\"og:site_name\" content=\"Marcin Bilski - PUT Pozna\u0144\" \/>\n<meta property=\"article:modified_time\" content=\"2025-03-10T14:29:45+00:00\" \/>\n<meta property=\"og:image\" content=\"https:\/\/marcin.bilski.pracownik.put.poznan.pl\/wp-content\/uploads\/2024\/12\/dyplom.png\" \/>\n\t<meta property=\"og:image:width\" content=\"745\" \/>\n\t<meta property=\"og:image:height\" content=\"1044\" \/>\n\t<meta property=\"og:image:type\" content=\"image\/png\" \/>\n<meta name=\"twitter:card\" content=\"summary_large_image\" \/>\n<meta name=\"twitter:label1\" content=\"Szacowany czas czytania\" \/>\n\t<meta name=\"twitter:data1\" content=\"2 minuty\" \/>\n<script type=\"application\/ld+json\" class=\"yoast-schema-graph\">{\"@context\":\"https:\\\/\\\/schema.org\",\"@graph\":[{\"@type\":\"WebPage\",\"@id\":\"https:\\\/\\\/marcin.bilski.pracownik.put.poznan.pl\\\/index.php\\\/pytania-na-egzamin-dyplomowy\\\/\",\"url\":\"https:\\\/\\\/marcin.bilski.pracownik.put.poznan.pl\\\/index.php\\\/pytania-na-egzamin-dyplomowy\\\/\",\"name\":\"pytania na egzamin dyplomowy\",\"isPartOf\":{\"@id\":\"https:\\\/\\\/marcin.bilski.pracownik.put.poznan.pl\\\/#website\"},\"primaryImageOfPage\":{\"@id\":\"https:\\\/\\\/marcin.bilski.pracownik.put.poznan.pl\\\/index.php\\\/pytania-na-egzamin-dyplomowy\\\/#primaryimage\"},\"image\":{\"@id\":\"https:\\\/\\\/marcin.bilski.pracownik.put.poznan.pl\\\/index.php\\\/pytania-na-egzamin-dyplomowy\\\/#primaryimage\"},\"thumbnailUrl\":\"https:\\\/\\\/marcin.bilski.pracownik.put.poznan.pl\\\/wp-content\\\/uploads\\\/2024\\\/12\\\/dyplom-731x1024.png\",\"datePublished\":\"2024-12-04T18:27:01+00:00\",\"dateModified\":\"2025-03-10T14:29:45+00:00\",\"description\":\"Lista pyta\u0144 na egzamin dyplomowy\",\"breadcrumb\":{\"@id\":\"https:\\\/\\\/marcin.bilski.pracownik.put.poznan.pl\\\/index.php\\\/pytania-na-egzamin-dyplomowy\\\/#breadcrumb\"},\"inLanguage\":\"pl-PL\",\"potentialAction\":[{\"@type\":\"ReadAction\",\"target\":[\"https:\\\/\\\/marcin.bilski.pracownik.put.poznan.pl\\\/index.php\\\/pytania-na-egzamin-dyplomowy\\\/\"]}]},{\"@type\":\"ImageObject\",\"inLanguage\":\"pl-PL\",\"@id\":\"https:\\\/\\\/marcin.bilski.pracownik.put.poznan.pl\\\/index.php\\\/pytania-na-egzamin-dyplomowy\\\/#primaryimage\",\"url\":\"https:\\\/\\\/marcin.bilski.pracownik.put.poznan.pl\\\/wp-content\\\/uploads\\\/2024\\\/12\\\/dyplom.png\",\"contentUrl\":\"https:\\\/\\\/marcin.bilski.pracownik.put.poznan.pl\\\/wp-content\\\/uploads\\\/2024\\\/12\\\/dyplom.png\",\"width\":745,\"height\":1044},{\"@type\":\"BreadcrumbList\",\"@id\":\"https:\\\/\\\/marcin.bilski.pracownik.put.poznan.pl\\\/index.php\\\/pytania-na-egzamin-dyplomowy\\\/#breadcrumb\",\"itemListElement\":[{\"@type\":\"ListItem\",\"position\":1,\"name\":\"Strona g\u0142\u00f3wna\",\"item\":\"https:\\\/\\\/marcin.bilski.pracownik.put.poznan.pl\\\/\"},{\"@type\":\"ListItem\",\"position\":2,\"name\":\"Pytania na egzamin dyplomowy\"}]},{\"@type\":\"WebSite\",\"@id\":\"https:\\\/\\\/marcin.bilski.pracownik.put.poznan.pl\\\/#website\",\"url\":\"https:\\\/\\\/marcin.bilski.pracownik.put.poznan.pl\\\/\",\"name\":\"Marcin Bilski - PUT Pozna\u0144\",\"description\":\"\",\"publisher\":{\"@id\":\"https:\\\/\\\/marcin.bilski.pracownik.put.poznan.pl\\\/#organization\"},\"potentialAction\":[{\"@type\":\"SearchAction\",\"target\":{\"@type\":\"EntryPoint\",\"urlTemplate\":\"https:\\\/\\\/marcin.bilski.pracownik.put.poznan.pl\\\/?s={search_term_string}\"},\"query-input\":{\"@type\":\"PropertyValueSpecification\",\"valueRequired\":true,\"valueName\":\"search_term_string\"}}],\"inLanguage\":\"pl-PL\"},{\"@type\":\"Organization\",\"@id\":\"https:\\\/\\\/marcin.bilski.pracownik.put.poznan.pl\\\/#organization\",\"name\":\"Marcin Bilski - PUT Pozna\u0144\",\"url\":\"https:\\\/\\\/marcin.bilski.pracownik.put.poznan.pl\\\/\",\"logo\":{\"@type\":\"ImageObject\",\"inLanguage\":\"pl-PL\",\"@id\":\"https:\\\/\\\/marcin.bilski.pracownik.put.poznan.pl\\\/#\\\/schema\\\/logo\\\/image\\\/\",\"url\":\"https:\\\/\\\/marcin.bilski.pracownik.put.poznan.pl\\\/wp-content\\\/uploads\\\/2024\\\/12\\\/road-icon.png\",\"contentUrl\":\"https:\\\/\\\/marcin.bilski.pracownik.put.poznan.pl\\\/wp-content\\\/uploads\\\/2024\\\/12\\\/road-icon.png\",\"width\":512,\"height\":512,\"caption\":\"Marcin Bilski - PUT Pozna\u0144\"},\"image\":{\"@id\":\"https:\\\/\\\/marcin.bilski.pracownik.put.poznan.pl\\\/#\\\/schema\\\/logo\\\/image\\\/\"}}]}<\/script>\n<!-- \/ Yoast SEO plugin. -->","yoast_head_json":{"title":"pytania na egzamin dyplomowy","description":"Lista pyta\u0144 na egzamin dyplomowy","robots":{"index":"index","follow":"follow","max-snippet":"max-snippet:-1","max-image-preview":"max-image-preview:large","max-video-preview":"max-video-preview:-1"},"canonical":"https:\/\/marcin.bilski.pracownik.put.poznan.pl\/index.php\/pytania-na-egzamin-dyplomowy\/","og_locale":"pl_PL","og_type":"article","og_title":"pytania na egzamin dyplomowy","og_description":"Lista pyta\u0144 na egzamin dyplomowy","og_url":"https:\/\/marcin.bilski.pracownik.put.poznan.pl\/index.php\/pytania-na-egzamin-dyplomowy\/","og_site_name":"Marcin Bilski - PUT Pozna\u0144","article_modified_time":"2025-03-10T14:29:45+00:00","og_image":[{"width":745,"height":1044,"url":"https:\/\/marcin.bilski.pracownik.put.poznan.pl\/wp-content\/uploads\/2024\/12\/dyplom.png","type":"image\/png"}],"twitter_card":"summary_large_image","twitter_misc":{"Szacowany czas czytania":"2 minuty"},"schema":{"@context":"https:\/\/schema.org","@graph":[{"@type":"WebPage","@id":"https:\/\/marcin.bilski.pracownik.put.poznan.pl\/index.php\/pytania-na-egzamin-dyplomowy\/","url":"https:\/\/marcin.bilski.pracownik.put.poznan.pl\/index.php\/pytania-na-egzamin-dyplomowy\/","name":"pytania na egzamin dyplomowy","isPartOf":{"@id":"https:\/\/marcin.bilski.pracownik.put.poznan.pl\/#website"},"primaryImageOfPage":{"@id":"https:\/\/marcin.bilski.pracownik.put.poznan.pl\/index.php\/pytania-na-egzamin-dyplomowy\/#primaryimage"},"image":{"@id":"https:\/\/marcin.bilski.pracownik.put.poznan.pl\/index.php\/pytania-na-egzamin-dyplomowy\/#primaryimage"},"thumbnailUrl":"https:\/\/marcin.bilski.pracownik.put.poznan.pl\/wp-content\/uploads\/2024\/12\/dyplom-731x1024.png","datePublished":"2024-12-04T18:27:01+00:00","dateModified":"2025-03-10T14:29:45+00:00","description":"Lista pyta\u0144 na egzamin dyplomowy","breadcrumb":{"@id":"https:\/\/marcin.bilski.pracownik.put.poznan.pl\/index.php\/pytania-na-egzamin-dyplomowy\/#breadcrumb"},"inLanguage":"pl-PL","potentialAction":[{"@type":"ReadAction","target":["https:\/\/marcin.bilski.pracownik.put.poznan.pl\/index.php\/pytania-na-egzamin-dyplomowy\/"]}]},{"@type":"ImageObject","inLanguage":"pl-PL","@id":"https:\/\/marcin.bilski.pracownik.put.poznan.pl\/index.php\/pytania-na-egzamin-dyplomowy\/#primaryimage","url":"https:\/\/marcin.bilski.pracownik.put.poznan.pl\/wp-content\/uploads\/2024\/12\/dyplom.png","contentUrl":"https:\/\/marcin.bilski.pracownik.put.poznan.pl\/wp-content\/uploads\/2024\/12\/dyplom.png","width":745,"height":1044},{"@type":"BreadcrumbList","@id":"https:\/\/marcin.bilski.pracownik.put.poznan.pl\/index.php\/pytania-na-egzamin-dyplomowy\/#breadcrumb","itemListElement":[{"@type":"ListItem","position":1,"name":"Strona g\u0142\u00f3wna","item":"https:\/\/marcin.bilski.pracownik.put.poznan.pl\/"},{"@type":"ListItem","position":2,"name":"Pytania na egzamin dyplomowy"}]},{"@type":"WebSite","@id":"https:\/\/marcin.bilski.pracownik.put.poznan.pl\/#website","url":"https:\/\/marcin.bilski.pracownik.put.poznan.pl\/","name":"Marcin Bilski - PUT Pozna\u0144","description":"","publisher":{"@id":"https:\/\/marcin.bilski.pracownik.put.poznan.pl\/#organization"},"potentialAction":[{"@type":"SearchAction","target":{"@type":"EntryPoint","urlTemplate":"https:\/\/marcin.bilski.pracownik.put.poznan.pl\/?s={search_term_string}"},"query-input":{"@type":"PropertyValueSpecification","valueRequired":true,"valueName":"search_term_string"}}],"inLanguage":"pl-PL"},{"@type":"Organization","@id":"https:\/\/marcin.bilski.pracownik.put.poznan.pl\/#organization","name":"Marcin Bilski - PUT Pozna\u0144","url":"https:\/\/marcin.bilski.pracownik.put.poznan.pl\/","logo":{"@type":"ImageObject","inLanguage":"pl-PL","@id":"https:\/\/marcin.bilski.pracownik.put.poznan.pl\/#\/schema\/logo\/image\/","url":"https:\/\/marcin.bilski.pracownik.put.poznan.pl\/wp-content\/uploads\/2024\/12\/road-icon.png","contentUrl":"https:\/\/marcin.bilski.pracownik.put.poznan.pl\/wp-content\/uploads\/2024\/12\/road-icon.png","width":512,"height":512,"caption":"Marcin Bilski - PUT Pozna\u0144"},"image":{"@id":"https:\/\/marcin.bilski.pracownik.put.poznan.pl\/#\/schema\/logo\/image\/"}}]}},"uagb_featured_image_src":{"full":false,"thumbnail":false,"medium":false,"medium_large":false,"large":false,"1536x1536":false,"2048x2048":false},"uagb_author_info":{"display_name":"marcin.bilski","author_link":"https:\/\/marcin.bilski.pracownik.put.poznan.pl\/index.php\/author\/marcin-bilski\/"},"uagb_comment_info":0,"uagb_excerpt":"Pytania na egzamin dyplomowy I stopie\u0144 II stopie\u0144","_links":{"self":[{"href":"https:\/\/marcin.bilski.pracownik.put.poznan.pl\/index.php\/wp-json\/wp\/v2\/pages\/292","targetHints":{"allow":["GET"]}}],"collection":[{"href":"https:\/\/marcin.bilski.pracownik.put.poznan.pl\/index.php\/wp-json\/wp\/v2\/pages"}],"about":[{"href":"https:\/\/marcin.bilski.pracownik.put.poznan.pl\/index.php\/wp-json\/wp\/v2\/types\/page"}],"author":[{"embeddable":true,"href":"https:\/\/marcin.bilski.pracownik.put.poznan.pl\/index.php\/wp-json\/wp\/v2\/users\/1"}],"replies":[{"embeddable":true,"href":"https:\/\/marcin.bilski.pracownik.put.poznan.pl\/index.php\/wp-json\/wp\/v2\/comments?post=292"}],"version-history":[{"count":6,"href":"https:\/\/marcin.bilski.pracownik.put.poznan.pl\/index.php\/wp-json\/wp\/v2\/pages\/292\/revisions"}],"predecessor-version":[{"id":317,"href":"https:\/\/marcin.bilski.pracownik.put.poznan.pl\/index.php\/wp-json\/wp\/v2\/pages\/292\/revisions\/317"}],"wp:attachment":[{"href":"https:\/\/marcin.bilski.pracownik.put.poznan.pl\/index.php\/wp-json\/wp\/v2\/media?parent=292"}],"curies":[{"name":"wp","href":"https:\/\/api.w.org\/{rel}","templated":true}]}}