{"id":60,"date":"2024-12-04T13:50:05","date_gmt":"2024-12-04T13:50:05","guid":{"rendered":"https:\/\/marcin.bilski.pracownik.put.poznan.pl\/?page_id=60"},"modified":"2025-03-10T14:27:21","modified_gmt":"2025-03-10T14:27:21","slug":"kontakt-pl","status":"publish","type":"page","link":"https:\/\/marcin.bilski.pracownik.put.poznan.pl\/index.php\/kontakt-pl\/","title":{"rendered":"kontakt pl"},"content":{"rendered":"\n<div class=\"wp-block-columns is-layout-flex wp-container-core-columns-is-layout-28f84493 wp-block-columns-is-layout-flex\">\n<div class=\"wp-block-column is-layout-flow wp-block-column-is-layout-flow\"><\/div>\n\n\n\n<div class=\"wp-block-column is-layout-flow wp-block-column-is-layout-flow\"><\/div>\n\n\n\n<div class=\"wp-block-column is-layout-flow wp-block-column-is-layout-flow\">\n<div class=\"wp-block-columns is-layout-flex wp-container-core-columns-is-layout-28f84493 wp-block-columns-is-layout-flex\">\n<div class=\"wp-block-column is-layout-flow wp-block-column-is-layout-flow\">\n<div class=\"wp-block-columns is-layout-flex wp-container-core-columns-is-layout-28f84493 wp-block-columns-is-layout-flex\">\n<div class=\"wp-block-column is-layout-flow wp-block-column-is-layout-flow\"><\/div>\n<\/div>\n<\/div>\n<\/div>\n<\/div>\n<\/div>\n\n\n\n<div style=\"height:130px\" aria-hidden=\"true\" class=\"wp-block-spacer\"><\/div>\n\n\n\n<h2 class=\"wp-block-heading has-text-color has-link-color wp-elements-5f871c085dbef21dea1d2630364bfe9b\" style=\"color:#026b02;font-size:25px\">DANE KONTAKTOWE<\/h2>\n\n\n\n<div style=\"height:50px\" aria-hidden=\"true\" class=\"wp-block-spacer\"><\/div>\n\n\n\n<p class=\"has-text-color has-link-color wp-elements-a3434559cef6e0bcf2acf5921e28cd45\" style=\"color:#026b02;font-size:20px\"><strong>Politechnika Pozna\u0144ska<\/strong><br><strong>Instytut In\u017cynierii L\u0105dowej<br>Zak\u0142ad Budownictwa Drogowego<br><\/strong><br><strong>ul. Piotrowo 5 p. 324B<br>61-138 Pozna\u0144<br><br><em>e-mail:<\/em> marcin.bilski@put.poznan.pl<br><em>tel. <\/em>+48 61 665 34 85<\/strong><\/p>\n\n\n\n<div style=\"height:10px\" aria-hidden=\"true\" class=\"wp-block-spacer\"><\/div>\n\n\n\n<p class=\"has-text-color has-link-color wp-elements-daea0f942f7a3f2c604167c989a1763a\" style=\"color:#026b02;font-size:20px\"><strong>Laboratorium Badawcze Instytutu In\u017cynierii L\u0105dowej<\/strong><br><strong>Hala A4 , p. K3, K4<\/strong><br><strong>tel. +48 61 665 21 30<\/strong><\/p>\n\n\n\n<div style=\"height:40px\" aria-hidden=\"true\" class=\"wp-block-spacer\"><\/div>\n\n\n<div id=\"wp_osm_\" class=\"wp_osm\" style=\"width: 100%; height: 600px\" data-lon=\"6873150\" data-lat=\"1887010\" data-zoom=\"16\">\r\n\r\n\t<div class=\"ol-popup\">\r\n\r\n\t    <a href=\"#\" class=\"ol-popup-closer\"><\/a>\r\n\r\n\t    <div class=\"popup-content\"><\/div>\r\n\r\n\t<\/div>\r\n\r\n\t<div class=\"marker\" data-icon=\"https:\/\/marcin.bilski.pracownik.put.poznan.pl\/wp-content\/plugins\/wp-open-street-map\/images\/markers\/marker.png\" data-lon=\"1886830\" data-lat=\"6872910\" data-name=\"324\" data-description=\"p. 324B, bud. A2\"><\/div><div class=\"marker\" data-icon=\"https:\/\/marcin.bilski.pracownik.put.poznan.pl\/wp-content\/plugins\/wp-open-street-map\/images\/markers\/marker.png\" data-lon=\"1887190\" data-lat=\"6873230\" data-name=\"hala\" data-description=\"hala A4, p. K3, K4\"><\/div>\r\n<\/div>\n\n\n\n<div style=\"height:60px\" aria-hidden=\"true\" class=\"wp-block-spacer\"><\/div>\n\n\n\n<div style=\"height:150px\" aria-hidden=\"true\" class=\"wp-block-spacer\"><\/div>\n\n\n\n<p><\/p>\n","protected":false},"excerpt":{"rendered":"<p>DANE KONTAKTOWE Politechnika Pozna\u0144skaInstytut In\u017cynierii L\u0105dowejZak\u0142ad Budownictwa Drogowegoul. Piotrowo 5 p. 324B61-138 Pozna\u0144 e-mail: marcin.bilski@put.poznan.pltel. +48 61 665 34 85 [&hellip;]<\/p>\n","protected":false},"author":1,"featured_media":0,"parent":0,"menu_order":0,"comment_status":"closed","ping_status":"closed","template":"","meta":{"_uag_custom_page_level_css":"","site-sidebar-layout":"default","site-content-layout":"","ast-site-content-layout":"","site-content-style":"default","site-sidebar-style":"default","ast-global-header-display":"","ast-banner-title-visibility":"","ast-main-header-display":"","ast-hfb-above-header-display":"","ast-hfb-below-header-display":"","ast-hfb-mobile-header-display":"","site-post-title":"disabled","ast-breadcrumbs-content":"","ast-featured-img":"","footer-sml-layout":"","ast-disable-related-posts":"","theme-transparent-header-meta":"","adv-header-id-meta":"","stick-header-meta":"","header-above-stick-meta":"","header-main-stick-meta":"","header-below-stick-meta":"","astra-migrate-meta-layouts":"default","ast-page-background-enabled":"default","ast-page-background-meta":{"desktop":{"background-color":"var(--ast-global-color-4)","background-image":"","background-repeat":"repeat","background-position":"center center","background-size":"auto","background-attachment":"scroll","background-type":"","background-media":"","overlay-type":"","overlay-color":"","overlay-opacity":"","overlay-gradient":""},"tablet":{"background-color":"","background-image":"","background-repeat":"repeat","background-position":"center center","background-size":"auto","background-attachment":"scroll","background-type":"","background-media":"","overlay-type":"","overlay-color":"","overlay-opacity":"","overlay-gradient":""},"mobile":{"background-color":"","background-image":"","background-repeat":"repeat","background-position":"center center","background-size":"auto","background-attachment":"scroll","background-type":"","background-media":"","overlay-type":"","overlay-color":"","overlay-opacity":"","overlay-gradient":""}},"ast-content-background-meta":{"desktop":{"background-color":"var(--ast-global-color-5)","background-image":"","background-repeat":"repeat","background-position":"center center","background-size":"auto","background-attachment":"scroll","background-type":"","background-media":"","overlay-type":"","overlay-color":"","overlay-opacity":"","overlay-gradient":""},"tablet":{"background-color":"var(--ast-global-color-5)","background-image":"","background-repeat":"repeat","background-position":"center center","background-size":"auto","background-attachment":"scroll","background-type":"","background-media":"","overlay-type":"","overlay-color":"","overlay-opacity":"","overlay-gradient":""},"mobile":{"background-color":"var(--ast-global-color-5)","background-image":"","background-repeat":"repeat","background-position":"center center","background-size":"auto","background-attachment":"scroll","background-type":"","background-media":"","overlay-type":"","overlay-color":"","overlay-opacity":"","overlay-gradient":""}},"footnotes":""},"class_list":["post-60","page","type-page","status-publish","hentry"],"yoast_head":"<!-- This site is optimized with the Yoast SEO plugin v27.5 - https:\/\/yoast.com\/product\/yoast-seo-wordpress\/ -->\n<title>kontakt<\/title>\n<meta name=\"description\" content=\"Dane kontaktowe\" \/>\n<meta name=\"robots\" content=\"index, follow, max-snippet:-1, max-image-preview:large, max-video-preview:-1\" \/>\n<link rel=\"canonical\" href=\"https:\/\/marcin.bilski.pracownik.put.poznan.pl\/index.php\/kontakt-pl\/\" \/>\n<meta property=\"og:locale\" content=\"pl_PL\" \/>\n<meta property=\"og:type\" content=\"article\" \/>\n<meta property=\"og:title\" content=\"kontakt\" \/>\n<meta property=\"og:description\" content=\"Dane kontaktowe\" \/>\n<meta property=\"og:url\" content=\"https:\/\/marcin.bilski.pracownik.put.poznan.pl\/index.php\/kontakt-pl\/\" \/>\n<meta property=\"og:site_name\" content=\"Marcin Bilski - PUT Pozna\u0144\" \/>\n<meta property=\"article:modified_time\" content=\"2025-03-10T14:27:21+00:00\" \/>\n<meta name=\"twitter:card\" content=\"summary_large_image\" \/>\n<meta name=\"twitter:label1\" content=\"Szacowany czas czytania\" \/>\n\t<meta name=\"twitter:data1\" content=\"1 minuta\" \/>\n<script type=\"application\/ld+json\" class=\"yoast-schema-graph\">{\"@context\":\"https:\\\/\\\/schema.org\",\"@graph\":[{\"@type\":\"WebPage\",\"@id\":\"https:\\\/\\\/marcin.bilski.pracownik.put.poznan.pl\\\/index.php\\\/kontakt-pl\\\/\",\"url\":\"https:\\\/\\\/marcin.bilski.pracownik.put.poznan.pl\\\/index.php\\\/kontakt-pl\\\/\",\"name\":\"kontakt\",\"isPartOf\":{\"@id\":\"https:\\\/\\\/marcin.bilski.pracownik.put.poznan.pl\\\/#website\"},\"datePublished\":\"2024-12-04T13:50:05+00:00\",\"dateModified\":\"2025-03-10T14:27:21+00:00\",\"description\":\"Dane kontaktowe\",\"breadcrumb\":{\"@id\":\"https:\\\/\\\/marcin.bilski.pracownik.put.poznan.pl\\\/index.php\\\/kontakt-pl\\\/#breadcrumb\"},\"inLanguage\":\"pl-PL\",\"potentialAction\":[{\"@type\":\"ReadAction\",\"target\":[\"https:\\\/\\\/marcin.bilski.pracownik.put.poznan.pl\\\/index.php\\\/kontakt-pl\\\/\"]}]},{\"@type\":\"BreadcrumbList\",\"@id\":\"https:\\\/\\\/marcin.bilski.pracownik.put.poznan.pl\\\/index.php\\\/kontakt-pl\\\/#breadcrumb\",\"itemListElement\":[{\"@type\":\"ListItem\",\"position\":1,\"name\":\"Strona g\u0142\u00f3wna\",\"item\":\"https:\\\/\\\/marcin.bilski.pracownik.put.poznan.pl\\\/\"},{\"@type\":\"ListItem\",\"position\":2,\"name\":\"kontakt pl\"}]},{\"@type\":\"WebSite\",\"@id\":\"https:\\\/\\\/marcin.bilski.pracownik.put.poznan.pl\\\/#website\",\"url\":\"https:\\\/\\\/marcin.bilski.pracownik.put.poznan.pl\\\/\",\"name\":\"Marcin Bilski - PUT Pozna\u0144\",\"description\":\"\",\"publisher\":{\"@id\":\"https:\\\/\\\/marcin.bilski.pracownik.put.poznan.pl\\\/#organization\"},\"potentialAction\":[{\"@type\":\"SearchAction\",\"target\":{\"@type\":\"EntryPoint\",\"urlTemplate\":\"https:\\\/\\\/marcin.bilski.pracownik.put.poznan.pl\\\/?s={search_term_string}\"},\"query-input\":{\"@type\":\"PropertyValueSpecification\",\"valueRequired\":true,\"valueName\":\"search_term_string\"}}],\"inLanguage\":\"pl-PL\"},{\"@type\":\"Organization\",\"@id\":\"https:\\\/\\\/marcin.bilski.pracownik.put.poznan.pl\\\/#organization\",\"name\":\"Marcin Bilski - PUT Pozna\u0144\",\"url\":\"https:\\\/\\\/marcin.bilski.pracownik.put.poznan.pl\\\/\",\"logo\":{\"@type\":\"ImageObject\",\"inLanguage\":\"pl-PL\",\"@id\":\"https:\\\/\\\/marcin.bilski.pracownik.put.poznan.pl\\\/#\\\/schema\\\/logo\\\/image\\\/\",\"url\":\"https:\\\/\\\/marcin.bilski.pracownik.put.poznan.pl\\\/wp-content\\\/uploads\\\/2024\\\/12\\\/road-icon.png\",\"contentUrl\":\"https:\\\/\\\/marcin.bilski.pracownik.put.poznan.pl\\\/wp-content\\\/uploads\\\/2024\\\/12\\\/road-icon.png\",\"width\":512,\"height\":512,\"caption\":\"Marcin Bilski - PUT Pozna\u0144\"},\"image\":{\"@id\":\"https:\\\/\\\/marcin.bilski.pracownik.put.poznan.pl\\\/#\\\/schema\\\/logo\\\/image\\\/\"}}]}<\/script>\n<!-- \/ Yoast SEO plugin. -->","yoast_head_json":{"title":"kontakt","description":"Dane kontaktowe","robots":{"index":"index","follow":"follow","max-snippet":"max-snippet:-1","max-image-preview":"max-image-preview:large","max-video-preview":"max-video-preview:-1"},"canonical":"https:\/\/marcin.bilski.pracownik.put.poznan.pl\/index.php\/kontakt-pl\/","og_locale":"pl_PL","og_type":"article","og_title":"kontakt","og_description":"Dane kontaktowe","og_url":"https:\/\/marcin.bilski.pracownik.put.poznan.pl\/index.php\/kontakt-pl\/","og_site_name":"Marcin Bilski - PUT Pozna\u0144","article_modified_time":"2025-03-10T14:27:21+00:00","twitter_card":"summary_large_image","twitter_misc":{"Szacowany czas czytania":"1 minuta"},"schema":{"@context":"https:\/\/schema.org","@graph":[{"@type":"WebPage","@id":"https:\/\/marcin.bilski.pracownik.put.poznan.pl\/index.php\/kontakt-pl\/","url":"https:\/\/marcin.bilski.pracownik.put.poznan.pl\/index.php\/kontakt-pl\/","name":"kontakt","isPartOf":{"@id":"https:\/\/marcin.bilski.pracownik.put.poznan.pl\/#website"},"datePublished":"2024-12-04T13:50:05+00:00","dateModified":"2025-03-10T14:27:21+00:00","description":"Dane kontaktowe","breadcrumb":{"@id":"https:\/\/marcin.bilski.pracownik.put.poznan.pl\/index.php\/kontakt-pl\/#breadcrumb"},"inLanguage":"pl-PL","potentialAction":[{"@type":"ReadAction","target":["https:\/\/marcin.bilski.pracownik.put.poznan.pl\/index.php\/kontakt-pl\/"]}]},{"@type":"BreadcrumbList","@id":"https:\/\/marcin.bilski.pracownik.put.poznan.pl\/index.php\/kontakt-pl\/#breadcrumb","itemListElement":[{"@type":"ListItem","position":1,"name":"Strona g\u0142\u00f3wna","item":"https:\/\/marcin.bilski.pracownik.put.poznan.pl\/"},{"@type":"ListItem","position":2,"name":"kontakt pl"}]},{"@type":"WebSite","@id":"https:\/\/marcin.bilski.pracownik.put.poznan.pl\/#website","url":"https:\/\/marcin.bilski.pracownik.put.poznan.pl\/","name":"Marcin Bilski - PUT Pozna\u0144","description":"","publisher":{"@id":"https:\/\/marcin.bilski.pracownik.put.poznan.pl\/#organization"},"potentialAction":[{"@type":"SearchAction","target":{"@type":"EntryPoint","urlTemplate":"https:\/\/marcin.bilski.pracownik.put.poznan.pl\/?s={search_term_string}"},"query-input":{"@type":"PropertyValueSpecification","valueRequired":true,"valueName":"search_term_string"}}],"inLanguage":"pl-PL"},{"@type":"Organization","@id":"https:\/\/marcin.bilski.pracownik.put.poznan.pl\/#organization","name":"Marcin Bilski - PUT Pozna\u0144","url":"https:\/\/marcin.bilski.pracownik.put.poznan.pl\/","logo":{"@type":"ImageObject","inLanguage":"pl-PL","@id":"https:\/\/marcin.bilski.pracownik.put.poznan.pl\/#\/schema\/logo\/image\/","url":"https:\/\/marcin.bilski.pracownik.put.poznan.pl\/wp-content\/uploads\/2024\/12\/road-icon.png","contentUrl":"https:\/\/marcin.bilski.pracownik.put.poznan.pl\/wp-content\/uploads\/2024\/12\/road-icon.png","width":512,"height":512,"caption":"Marcin Bilski - PUT Pozna\u0144"},"image":{"@id":"https:\/\/marcin.bilski.pracownik.put.poznan.pl\/#\/schema\/logo\/image\/"}}]}},"uagb_featured_image_src":{"full":false,"thumbnail":false,"medium":false,"medium_large":false,"large":false,"1536x1536":false,"2048x2048":false},"uagb_author_info":{"display_name":"marcin.bilski","author_link":"https:\/\/marcin.bilski.pracownik.put.poznan.pl\/index.php\/author\/marcin-bilski\/"},"uagb_comment_info":0,"uagb_excerpt":"DANE KONTAKTOWE Politechnika Pozna\u0144skaInstytut In\u017cynierii L\u0105dowejZak\u0142ad Budownictwa Drogowegoul. Piotrowo 5 p. 324B61-138 Pozna\u0144 e-mail: marcin.bilski@put.poznan.pltel. +48 61 665 34 85 [&hellip;]","_links":{"self":[{"href":"https:\/\/marcin.bilski.pracownik.put.poznan.pl\/index.php\/wp-json\/wp\/v2\/pages\/60","targetHints":{"allow":["GET"]}}],"collection":[{"href":"https:\/\/marcin.bilski.pracownik.put.poznan.pl\/index.php\/wp-json\/wp\/v2\/pages"}],"about":[{"href":"https:\/\/marcin.bilski.pracownik.put.poznan.pl\/index.php\/wp-json\/wp\/v2\/types\/page"}],"author":[{"embeddable":true,"href":"https:\/\/marcin.bilski.pracownik.put.poznan.pl\/index.php\/wp-json\/wp\/v2\/users\/1"}],"replies":[{"embeddable":true,"href":"https:\/\/marcin.bilski.pracownik.put.poznan.pl\/index.php\/wp-json\/wp\/v2\/comments?post=60"}],"version-history":[{"count":20,"href":"https:\/\/marcin.bilski.pracownik.put.poznan.pl\/index.php\/wp-json\/wp\/v2\/pages\/60\/revisions"}],"predecessor-version":[{"id":464,"href":"https:\/\/marcin.bilski.pracownik.put.poznan.pl\/index.php\/wp-json\/wp\/v2\/pages\/60\/revisions\/464"}],"wp:attachment":[{"href":"https:\/\/marcin.bilski.pracownik.put.poznan.pl\/index.php\/wp-json\/wp\/v2\/media?parent=60"}],"curies":[{"name":"wp","href":"https:\/\/api.w.org\/{rel}","templated":true}]}}