{"id":64,"date":"2024-12-04T14:00:11","date_gmt":"2024-12-04T14:00:11","guid":{"rendered":"https:\/\/marcin.bilski.pracownik.put.poznan.pl\/?page_id=64"},"modified":"2026-01-13T12:59:32","modified_gmt":"2026-01-13T12:59:32","slug":"main-page-pl","status":"publish","type":"page","link":"https:\/\/marcin.bilski.pracownik.put.poznan.pl\/","title":{"rendered":"main page pl"},"content":{"rendered":"\n<div class=\"wp-block-columns is-layout-flex wp-container-core-columns-is-layout-28f84493 wp-block-columns-is-layout-flex\">\n<div class=\"wp-block-column is-layout-flow wp-block-column-is-layout-flow\"><\/div>\n\n\n\n<div class=\"wp-block-column is-layout-flow wp-block-column-is-layout-flow\"><\/div>\n\n\n\n<div class=\"wp-block-column is-layout-flow wp-block-column-is-layout-flow\">\n<div class=\"wp-block-columns is-layout-flex wp-container-core-columns-is-layout-28f84493 wp-block-columns-is-layout-flex\">\n<div class=\"wp-block-column is-layout-flow wp-block-column-is-layout-flow\">\n<div class=\"wp-block-columns is-layout-flex wp-container-core-columns-is-layout-28f84493 wp-block-columns-is-layout-flex\">\n<div class=\"wp-block-column is-layout-flow wp-block-column-is-layout-flow\"><\/div>\n<\/div>\n<\/div>\n<\/div>\n<\/div>\n<\/div>\n\n\n\n<div style=\"height:65px\" aria-hidden=\"true\" class=\"wp-block-spacer\"><\/div>\n\n\n\n<figure class=\"wp-block-image aligncenter size-full is-resized has-custom-border\"><img loading=\"lazy\" decoding=\"async\" width=\"836\" height=\"406\" src=\"https:\/\/marcin.bilski.pracownik.put.poznan.pl\/wp-content\/uploads\/2024\/12\/logo.png\" alt=\"\" class=\"wp-image-30\" style=\"border-radius:30px;box-shadow:var(--wp--preset--shadow--deep);width:700px\" srcset=\"https:\/\/marcin.bilski.pracownik.put.poznan.pl\/wp-content\/uploads\/2024\/12\/logo.png 836w, https:\/\/marcin.bilski.pracownik.put.poznan.pl\/wp-content\/uploads\/2024\/12\/logo-300x146.png 300w, https:\/\/marcin.bilski.pracownik.put.poznan.pl\/wp-content\/uploads\/2024\/12\/logo-768x373.png 768w\" sizes=\"auto, (max-width: 836px) 100vw, 836px\" \/><\/figure>\n\n\n\n<div style=\"height:70px\" aria-hidden=\"true\" class=\"wp-block-spacer\"><\/div>\n\n\n\n<p class=\"has-text-align-center has-text-color has-link-color wp-elements-d890f89873127208c0aecca97785851d\" style=\"color:#026b02;font-size:16px\"><strong>Dzi\u0119kuje za odwiedzenie mojej strony<\/strong><br><br><em>Nazywam si\u0119 Marcin Bilski i pracuj\u0119 jako adiunkt w Instytucie In\u017cynierii L\u0105dowej Politechniki Pozna\u0144skiej<\/em>.<br><br><em>Moja dzia\u0142alno\u015b\u0107 naukowa dotyczy zagadnie\u0144 zwi\u0105zanych <br>z innowacyjnymi i niskobud\u017cetowymi konstrukcjami dr\u00f3g,<\/em><br><em>inteligentnymi nawierzchniami<\/em> <em>i systemami ich diagnostyki,<\/em><br><em>technologiami zasilania infrastruktury drogowej z alternatywnych \u017ar\u00f3de\u0142 energii<\/em><br><em>oraz technikami wspomagania procesu projektowego w oparciu<\/em><br><em>o bezza\u0142ogowe statki powietrzne (BSP) oraz oprogramowanie CAD\/BIM.<\/em><br><em><br>G\u0142\u00f3wne obszary mojej dzia\u0142alno\u015bci badawczej skupiaj\u0105 si\u0119 na lepiszczach asfaltowych<br>modyfikowanych asfaltami naturalnymi, technologii pianobetonu oraz wykorzystaniu technologii BSP<br>w projektowaniu nawierzchni drogowych i ocenie ich stanu.<br><\/em><br><em>Zaj\u0119cia dydaktyczne prowadz\u0119 dla student\u00f3w kierunku Budownictwo i Budownictwo Zr\u00f3wnowa\u017cone.<\/em><\/p>\n\n\n\n<div class=\"wp-block-columns is-layout-flex wp-container-core-columns-is-layout-28f84493 wp-block-columns-is-layout-flex\">\n<div class=\"wp-block-column is-layout-flow wp-block-column-is-layout-flow\"><\/div>\n\n\n\n<div class=\"wp-block-column is-layout-flow wp-block-column-is-layout-flow\">\n<div class=\"wp-block-columns is-layout-flex wp-container-core-columns-is-layout-28f84493 wp-block-columns-is-layout-flex\">\n<div class=\"wp-block-column is-layout-flow wp-block-column-is-layout-flow\">\n<h6 class=\"wp-block-heading has-text-align-center has-text-color has-link-color wp-elements-c2638ab6df2adef274e26cb275cf3c98\" style=\"color:#026b02;font-size:16px\"><br><br><br><br><strong>Pozdrawiam<br>dr in\u017c. Marcin Bilski<\/strong><\/h6>\n<\/div>\n\n\n\n<div class=\"wp-block-column is-layout-flow wp-block-column-is-layout-flow\">\n<figure class=\"wp-block-image aligncenter size-large is-resized has-custom-border\"><img loading=\"lazy\" decoding=\"async\" width=\"797\" height=\"1024\" src=\"https:\/\/marcin.bilski.pracownik.put.poznan.pl\/wp-content\/uploads\/2024\/12\/mb-797x1024.jpg\" alt=\"\" class=\"has-border-color has-ast-global-color-5-border-color wp-image-123\" style=\"border-width:5px;border-radius:150px;width:160px\" srcset=\"https:\/\/marcin.bilski.pracownik.put.poznan.pl\/wp-content\/uploads\/2024\/12\/mb-797x1024.jpg 797w, https:\/\/marcin.bilski.pracownik.put.poznan.pl\/wp-content\/uploads\/2024\/12\/mb-233x300.jpg 233w, https:\/\/marcin.bilski.pracownik.put.poznan.pl\/wp-content\/uploads\/2024\/12\/mb-768x987.jpg 768w, https:\/\/marcin.bilski.pracownik.put.poznan.pl\/wp-content\/uploads\/2024\/12\/mb-1195x1536.jpg 1195w, https:\/\/marcin.bilski.pracownik.put.poznan.pl\/wp-content\/uploads\/2024\/12\/mb.jpg 1394w\" sizes=\"auto, (max-width: 797px) 100vw, 797px\" \/><\/figure>\n<\/div>\n<\/div>\n<\/div>\n\n\n\n<div class=\"wp-block-column is-layout-flow wp-block-column-is-layout-flow\"><\/div>\n<\/div>\n\n\n\n<div style=\"height:90px\" aria-hidden=\"true\" class=\"wp-block-spacer\"><\/div>\n\n\n\n<p><\/p>\n","protected":false},"excerpt":{"rendered":"<p>Dzi\u0119kuje za odwiedzenie mojej strony Nazywam si\u0119 Marcin Bilski i pracuj\u0119 jako adiunkt w Instytucie In\u017cynierii L\u0105dowej Politechniki Pozna\u0144skiej. Moja [&hellip;]<\/p>\n","protected":false},"author":1,"featured_media":0,"parent":0,"menu_order":0,"comment_status":"closed","ping_status":"closed","template":"","meta":{"_uag_custom_page_level_css":"","site-sidebar-layout":"default","site-content-layout":"","ast-site-content-layout":"","site-content-style":"default","site-sidebar-style":"default","ast-global-header-display":"","ast-banner-title-visibility":"","ast-main-header-display":"","ast-hfb-above-header-display":"","ast-hfb-below-header-display":"","ast-hfb-mobile-header-display":"","site-post-title":"disabled","ast-breadcrumbs-content":"","ast-featured-img":"","footer-sml-layout":"","ast-disable-related-posts":"","theme-transparent-header-meta":"","adv-header-id-meta":"","stick-header-meta":"","header-above-stick-meta":"","header-main-stick-meta":"","header-below-stick-meta":"","astra-migrate-meta-layouts":"default","ast-page-background-enabled":"default","ast-page-background-meta":{"desktop":{"background-color":"var(--ast-global-color-4)","background-image":"","background-repeat":"repeat","background-position":"center center","background-size":"auto","background-attachment":"scroll","background-type":"","background-media":"","overlay-type":"","overlay-color":"","overlay-opacity":"","overlay-gradient":""},"tablet":{"background-color":"","background-image":"","background-repeat":"repeat","background-position":"center center","background-size":"auto","background-attachment":"scroll","background-type":"","background-media":"","overlay-type":"","overlay-color":"","overlay-opacity":"","overlay-gradient":""},"mobile":{"background-color":"","background-image":"","background-repeat":"repeat","background-position":"center center","background-size":"auto","background-attachment":"scroll","background-type":"","background-media":"","overlay-type":"","overlay-color":"","overlay-opacity":"","overlay-gradient":""}},"ast-content-background-meta":{"desktop":{"background-color":"var(--ast-global-color-5)","background-image":"","background-repeat":"repeat","background-position":"center center","background-size":"auto","background-attachment":"scroll","background-type":"","background-media":"","overlay-type":"","overlay-color":"","overlay-opacity":"","overlay-gradient":""},"tablet":{"background-color":"var(--ast-global-color-5)","background-image":"","background-repeat":"repeat","background-position":"center center","background-size":"auto","background-attachment":"scroll","background-type":"","background-media":"","overlay-type":"","overlay-color":"","overlay-opacity":"","overlay-gradient":""},"mobile":{"background-color":"var(--ast-global-color-5)","background-image":"","background-repeat":"repeat","background-position":"center center","background-size":"auto","background-attachment":"scroll","background-type":"","background-media":"","overlay-type":"","overlay-color":"","overlay-opacity":"","overlay-gradient":""}},"footnotes":""},"class_list":["post-64","page","type-page","status-publish","hentry"],"yoast_head":"<!-- This site is optimized with the Yoast SEO plugin v27.5 - https:\/\/yoast.com\/product\/yoast-seo-wordpress\/ -->\n<title>strona g\u0142\u00f3wna<\/title>\n<meta name=\"description\" content=\"Strona g\u0142\u00f3wna\" \/>\n<meta name=\"robots\" content=\"index, follow, max-snippet:-1, max-image-preview:large, max-video-preview:-1\" \/>\n<link rel=\"canonical\" href=\"https:\/\/marcin.bilski.pracownik.put.poznan.pl\/\" \/>\n<meta property=\"og:locale\" content=\"pl_PL\" \/>\n<meta property=\"og:type\" content=\"article\" \/>\n<meta property=\"og:title\" content=\"strona g\u0142\u00f3wna\" \/>\n<meta property=\"og:description\" content=\"Strona g\u0142\u00f3wna\" \/>\n<meta property=\"og:url\" content=\"https:\/\/marcin.bilski.pracownik.put.poznan.pl\/\" \/>\n<meta property=\"og:site_name\" content=\"Marcin Bilski - PUT Pozna\u0144\" \/>\n<meta property=\"article:modified_time\" content=\"2026-01-13T12:59:32+00:00\" \/>\n<meta property=\"og:image\" content=\"https:\/\/marcin.bilski.pracownik.put.poznan.pl\/wp-content\/uploads\/2024\/12\/logo.png\" \/>\n\t<meta property=\"og:image:width\" content=\"836\" \/>\n\t<meta property=\"og:image:height\" content=\"406\" \/>\n\t<meta property=\"og:image:type\" content=\"image\/png\" \/>\n<meta name=\"twitter:card\" content=\"summary_large_image\" \/>\n<meta name=\"twitter:label1\" content=\"Szacowany czas czytania\" \/>\n\t<meta name=\"twitter:data1\" content=\"2 minuty\" \/>\n<script type=\"application\/ld+json\" class=\"yoast-schema-graph\">{\"@context\":\"https:\\\/\\\/schema.org\",\"@graph\":[{\"@type\":\"WebPage\",\"@id\":\"https:\\\/\\\/marcin.bilski.pracownik.put.poznan.pl\\\/\",\"url\":\"https:\\\/\\\/marcin.bilski.pracownik.put.poznan.pl\\\/\",\"name\":\"strona g\u0142\u00f3wna\",\"isPartOf\":{\"@id\":\"https:\\\/\\\/marcin.bilski.pracownik.put.poznan.pl\\\/#website\"},\"primaryImageOfPage\":{\"@id\":\"https:\\\/\\\/marcin.bilski.pracownik.put.poznan.pl\\\/#primaryimage\"},\"image\":{\"@id\":\"https:\\\/\\\/marcin.bilski.pracownik.put.poznan.pl\\\/#primaryimage\"},\"thumbnailUrl\":\"https:\\\/\\\/marcin.bilski.pracownik.put.poznan.pl\\\/wp-content\\\/uploads\\\/2024\\\/12\\\/logo.png\",\"datePublished\":\"2024-12-04T14:00:11+00:00\",\"dateModified\":\"2026-01-13T12:59:32+00:00\",\"description\":\"Strona g\u0142\u00f3wna\",\"breadcrumb\":{\"@id\":\"https:\\\/\\\/marcin.bilski.pracownik.put.poznan.pl\\\/#breadcrumb\"},\"inLanguage\":\"pl-PL\",\"potentialAction\":[{\"@type\":\"ReadAction\",\"target\":[\"https:\\\/\\\/marcin.bilski.pracownik.put.poznan.pl\\\/\"]}]},{\"@type\":\"ImageObject\",\"inLanguage\":\"pl-PL\",\"@id\":\"https:\\\/\\\/marcin.bilski.pracownik.put.poznan.pl\\\/#primaryimage\",\"url\":\"https:\\\/\\\/marcin.bilski.pracownik.put.poznan.pl\\\/wp-content\\\/uploads\\\/2024\\\/12\\\/logo.png\",\"contentUrl\":\"https:\\\/\\\/marcin.bilski.pracownik.put.poznan.pl\\\/wp-content\\\/uploads\\\/2024\\\/12\\\/logo.png\",\"width\":836,\"height\":406},{\"@type\":\"BreadcrumbList\",\"@id\":\"https:\\\/\\\/marcin.bilski.pracownik.put.poznan.pl\\\/#breadcrumb\",\"itemListElement\":[{\"@type\":\"ListItem\",\"position\":1,\"name\":\"Strona g\u0142\u00f3wna\",\"item\":\"https:\\\/\\\/marcin.bilski.pracownik.put.poznan.pl\\\/\"},{\"@type\":\"ListItem\",\"position\":2,\"name\":\"main page pl\"}]},{\"@type\":\"WebSite\",\"@id\":\"https:\\\/\\\/marcin.bilski.pracownik.put.poznan.pl\\\/#website\",\"url\":\"https:\\\/\\\/marcin.bilski.pracownik.put.poznan.pl\\\/\",\"name\":\"Marcin Bilski - PUT Pozna\u0144\",\"description\":\"\",\"publisher\":{\"@id\":\"https:\\\/\\\/marcin.bilski.pracownik.put.poznan.pl\\\/#organization\"},\"potentialAction\":[{\"@type\":\"SearchAction\",\"target\":{\"@type\":\"EntryPoint\",\"urlTemplate\":\"https:\\\/\\\/marcin.bilski.pracownik.put.poznan.pl\\\/?s={search_term_string}\"},\"query-input\":{\"@type\":\"PropertyValueSpecification\",\"valueRequired\":true,\"valueName\":\"search_term_string\"}}],\"inLanguage\":\"pl-PL\"},{\"@type\":\"Organization\",\"@id\":\"https:\\\/\\\/marcin.bilski.pracownik.put.poznan.pl\\\/#organization\",\"name\":\"Marcin Bilski - PUT Pozna\u0144\",\"url\":\"https:\\\/\\\/marcin.bilski.pracownik.put.poznan.pl\\\/\",\"logo\":{\"@type\":\"ImageObject\",\"inLanguage\":\"pl-PL\",\"@id\":\"https:\\\/\\\/marcin.bilski.pracownik.put.poznan.pl\\\/#\\\/schema\\\/logo\\\/image\\\/\",\"url\":\"https:\\\/\\\/marcin.bilski.pracownik.put.poznan.pl\\\/wp-content\\\/uploads\\\/2024\\\/12\\\/road-icon.png\",\"contentUrl\":\"https:\\\/\\\/marcin.bilski.pracownik.put.poznan.pl\\\/wp-content\\\/uploads\\\/2024\\\/12\\\/road-icon.png\",\"width\":512,\"height\":512,\"caption\":\"Marcin Bilski - PUT Pozna\u0144\"},\"image\":{\"@id\":\"https:\\\/\\\/marcin.bilski.pracownik.put.poznan.pl\\\/#\\\/schema\\\/logo\\\/image\\\/\"}}]}<\/script>\n<!-- \/ Yoast SEO plugin. -->","yoast_head_json":{"title":"strona g\u0142\u00f3wna","description":"Strona g\u0142\u00f3wna","robots":{"index":"index","follow":"follow","max-snippet":"max-snippet:-1","max-image-preview":"max-image-preview:large","max-video-preview":"max-video-preview:-1"},"canonical":"https:\/\/marcin.bilski.pracownik.put.poznan.pl\/","og_locale":"pl_PL","og_type":"article","og_title":"strona g\u0142\u00f3wna","og_description":"Strona g\u0142\u00f3wna","og_url":"https:\/\/marcin.bilski.pracownik.put.poznan.pl\/","og_site_name":"Marcin Bilski - PUT Pozna\u0144","article_modified_time":"2026-01-13T12:59:32+00:00","og_image":[{"width":836,"height":406,"url":"https:\/\/marcin.bilski.pracownik.put.poznan.pl\/wp-content\/uploads\/2024\/12\/logo.png","type":"image\/png"}],"twitter_card":"summary_large_image","twitter_misc":{"Szacowany czas czytania":"2 minuty"},"schema":{"@context":"https:\/\/schema.org","@graph":[{"@type":"WebPage","@id":"https:\/\/marcin.bilski.pracownik.put.poznan.pl\/","url":"https:\/\/marcin.bilski.pracownik.put.poznan.pl\/","name":"strona g\u0142\u00f3wna","isPartOf":{"@id":"https:\/\/marcin.bilski.pracownik.put.poznan.pl\/#website"},"primaryImageOfPage":{"@id":"https:\/\/marcin.bilski.pracownik.put.poznan.pl\/#primaryimage"},"image":{"@id":"https:\/\/marcin.bilski.pracownik.put.poznan.pl\/#primaryimage"},"thumbnailUrl":"https:\/\/marcin.bilski.pracownik.put.poznan.pl\/wp-content\/uploads\/2024\/12\/logo.png","datePublished":"2024-12-04T14:00:11+00:00","dateModified":"2026-01-13T12:59:32+00:00","description":"Strona g\u0142\u00f3wna","breadcrumb":{"@id":"https:\/\/marcin.bilski.pracownik.put.poznan.pl\/#breadcrumb"},"inLanguage":"pl-PL","potentialAction":[{"@type":"ReadAction","target":["https:\/\/marcin.bilski.pracownik.put.poznan.pl\/"]}]},{"@type":"ImageObject","inLanguage":"pl-PL","@id":"https:\/\/marcin.bilski.pracownik.put.poznan.pl\/#primaryimage","url":"https:\/\/marcin.bilski.pracownik.put.poznan.pl\/wp-content\/uploads\/2024\/12\/logo.png","contentUrl":"https:\/\/marcin.bilski.pracownik.put.poznan.pl\/wp-content\/uploads\/2024\/12\/logo.png","width":836,"height":406},{"@type":"BreadcrumbList","@id":"https:\/\/marcin.bilski.pracownik.put.poznan.pl\/#breadcrumb","itemListElement":[{"@type":"ListItem","position":1,"name":"Strona g\u0142\u00f3wna","item":"https:\/\/marcin.bilski.pracownik.put.poznan.pl\/"},{"@type":"ListItem","position":2,"name":"main page pl"}]},{"@type":"WebSite","@id":"https:\/\/marcin.bilski.pracownik.put.poznan.pl\/#website","url":"https:\/\/marcin.bilski.pracownik.put.poznan.pl\/","name":"Marcin Bilski - PUT Pozna\u0144","description":"","publisher":{"@id":"https:\/\/marcin.bilski.pracownik.put.poznan.pl\/#organization"},"potentialAction":[{"@type":"SearchAction","target":{"@type":"EntryPoint","urlTemplate":"https:\/\/marcin.bilski.pracownik.put.poznan.pl\/?s={search_term_string}"},"query-input":{"@type":"PropertyValueSpecification","valueRequired":true,"valueName":"search_term_string"}}],"inLanguage":"pl-PL"},{"@type":"Organization","@id":"https:\/\/marcin.bilski.pracownik.put.poznan.pl\/#organization","name":"Marcin Bilski - PUT Pozna\u0144","url":"https:\/\/marcin.bilski.pracownik.put.poznan.pl\/","logo":{"@type":"ImageObject","inLanguage":"pl-PL","@id":"https:\/\/marcin.bilski.pracownik.put.poznan.pl\/#\/schema\/logo\/image\/","url":"https:\/\/marcin.bilski.pracownik.put.poznan.pl\/wp-content\/uploads\/2024\/12\/road-icon.png","contentUrl":"https:\/\/marcin.bilski.pracownik.put.poznan.pl\/wp-content\/uploads\/2024\/12\/road-icon.png","width":512,"height":512,"caption":"Marcin Bilski - PUT Pozna\u0144"},"image":{"@id":"https:\/\/marcin.bilski.pracownik.put.poznan.pl\/#\/schema\/logo\/image\/"}}]}},"uagb_featured_image_src":{"full":false,"thumbnail":false,"medium":false,"medium_large":false,"large":false,"1536x1536":false,"2048x2048":false},"uagb_author_info":{"display_name":"marcin.bilski","author_link":"https:\/\/marcin.bilski.pracownik.put.poznan.pl\/index.php\/author\/marcin-bilski\/"},"uagb_comment_info":0,"uagb_excerpt":"Dzi\u0119kuje za odwiedzenie mojej strony Nazywam si\u0119 Marcin Bilski i pracuj\u0119 jako adiunkt w Instytucie In\u017cynierii L\u0105dowej Politechniki Pozna\u0144skiej. Moja [&hellip;]","_links":{"self":[{"href":"https:\/\/marcin.bilski.pracownik.put.poznan.pl\/index.php\/wp-json\/wp\/v2\/pages\/64","targetHints":{"allow":["GET"]}}],"collection":[{"href":"https:\/\/marcin.bilski.pracownik.put.poznan.pl\/index.php\/wp-json\/wp\/v2\/pages"}],"about":[{"href":"https:\/\/marcin.bilski.pracownik.put.poznan.pl\/index.php\/wp-json\/wp\/v2\/types\/page"}],"author":[{"embeddable":true,"href":"https:\/\/marcin.bilski.pracownik.put.poznan.pl\/index.php\/wp-json\/wp\/v2\/users\/1"}],"replies":[{"embeddable":true,"href":"https:\/\/marcin.bilski.pracownik.put.poznan.pl\/index.php\/wp-json\/wp\/v2\/comments?post=64"}],"version-history":[{"count":21,"href":"https:\/\/marcin.bilski.pracownik.put.poznan.pl\/index.php\/wp-json\/wp\/v2\/pages\/64\/revisions"}],"predecessor-version":[{"id":711,"href":"https:\/\/marcin.bilski.pracownik.put.poznan.pl\/index.php\/wp-json\/wp\/v2\/pages\/64\/revisions\/711"}],"wp:attachment":[{"href":"https:\/\/marcin.bilski.pracownik.put.poznan.pl\/index.php\/wp-json\/wp\/v2\/media?parent=64"}],"curies":[{"name":"wp","href":"https:\/\/api.w.org\/{rel}","templated":true}]}}