{"id":94,"date":"2024-12-04T14:20:25","date_gmt":"2024-12-04T14:20:25","guid":{"rendered":"https:\/\/marcin.bilski.pracownik.put.poznan.pl\/?page_id=94"},"modified":"2025-03-10T14:29:26","modified_gmt":"2025-03-10T14:29:26","slug":"nauka-pl","status":"publish","type":"page","link":"https:\/\/marcin.bilski.pracownik.put.poznan.pl\/index.php\/nauka-pl\/","title":{"rendered":"nauka pl"},"content":{"rendered":"\n<div class=\"wp-block-columns is-layout-flex wp-container-core-columns-is-layout-28f84493 wp-block-columns-is-layout-flex\">\n<div class=\"wp-block-column is-layout-flow wp-block-column-is-layout-flow\"><\/div>\n\n\n\n<div class=\"wp-block-column is-layout-flow wp-block-column-is-layout-flow\"><\/div>\n\n\n\n<div class=\"wp-block-column is-layout-flow wp-block-column-is-layout-flow\">\n<div class=\"wp-block-columns is-layout-flex wp-container-core-columns-is-layout-28f84493 wp-block-columns-is-layout-flex\">\n<div class=\"wp-block-column is-layout-flow wp-block-column-is-layout-flow\">\n<div class=\"wp-block-columns is-layout-flex wp-container-core-columns-is-layout-28f84493 wp-block-columns-is-layout-flex\">\n<div class=\"wp-block-column is-layout-flow wp-block-column-is-layout-flow\"><\/div>\n<\/div>\n<\/div>\n<\/div>\n<\/div>\n<\/div>\n\n\n\n<div style=\"height:65px\" aria-hidden=\"true\" class=\"wp-block-spacer\"><\/div>\n\n\n\n<p><\/p>\n\n\n\n<div class=\"wp-block-columns is-layout-flex wp-container-core-columns-is-layout-28f84493 wp-block-columns-is-layout-flex\">\n<div class=\"wp-block-column is-layout-flow wp-block-column-is-layout-flow\">\n<figure class=\"wp-block-image aligncenter size-large is-resized\"><img loading=\"lazy\" decoding=\"async\" width=\"1024\" height=\"360\" src=\"https:\/\/marcin.bilski.pracownik.put.poznan.pl\/wp-content\/uploads\/2024\/12\/logo_nauka-1024x360.jpg\" alt=\"\" class=\"wp-image-241\" style=\"width:auto;height:180px\" srcset=\"https:\/\/marcin.bilski.pracownik.put.poznan.pl\/wp-content\/uploads\/2024\/12\/logo_nauka-1024x360.jpg 1024w, https:\/\/marcin.bilski.pracownik.put.poznan.pl\/wp-content\/uploads\/2024\/12\/logo_nauka-300x106.jpg 300w, https:\/\/marcin.bilski.pracownik.put.poznan.pl\/wp-content\/uploads\/2024\/12\/logo_nauka-768x270.jpg 768w, https:\/\/marcin.bilski.pracownik.put.poznan.pl\/wp-content\/uploads\/2024\/12\/logo_nauka.jpg 1057w\" sizes=\"auto, (max-width: 1024px) 100vw, 1024px\" \/><\/figure>\n<\/div>\n\n\n\n<div class=\"wp-block-column is-layout-flow wp-block-column-is-layout-flow\">\n<h2 class=\"wp-block-heading has-text-align-center has-text-color has-link-color wp-elements-7cfcfe0835e133c4cb4b87ca501224da\" style=\"color:#026b02;font-size:25px\"><br>DZIA\u0141ALNO\u015a\u0106 NAUKOWA I PRACE BADAWCZE<\/h2>\n\n\n\n<p class=\"has-text-align-center has-text-color has-link-color wp-elements-c4f3e51b22a780c8e0184e088e3fa77d\" style=\"color:#23251e;font-size:16px\"><strong>Zapraszam do kontaktu osoby zainteresowane wsp\u00f3\u0142prac\u0105<br>w ramach bada\u0144 naukowych oraz prac zleconych.<\/strong><\/p>\n<\/div>\n<\/div>\n\n\n\n<div style=\"height:130px\" aria-hidden=\"true\" class=\"wp-block-spacer\"><\/div>\n\n\n\n<h2 class=\"wp-block-heading has-text-align-center has-text-color has-link-color wp-elements-287e4348b66ddf3551819e51a08d4043\" style=\"color:#026b02;font-size:25px\"><strong><em>Wykaz publikacji<\/em><\/strong><\/h2>\n\n\n\n<div class=\"wp-block-columns is-layout-flex wp-container-core-columns-is-layout-7abde1fe wp-block-columns-is-layout-flex\" style=\"padding-top:var(--wp--preset--spacing--40);padding-bottom:var(--wp--preset--spacing--40)\">\n<div class=\"wp-block-column is-layout-flow wp-block-column-is-layout-flow\">\n<figure class=\"wp-block-image alignright size-large is-resized has-custom-border\"><a href=\"https:\/\/www.researchgate.net\/profile\/Marcin-Bilski\"><img loading=\"lazy\" decoding=\"async\" width=\"1024\" height=\"1020\" src=\"https:\/\/marcin.bilski.pracownik.put.poznan.pl\/wp-content\/uploads\/2024\/12\/RG-1024x1020.png\" alt=\"\" class=\"wp-image-245\" style=\"border-radius:10px;box-shadow:var(--wp--preset--shadow--deep);width:auto;height:100px\" srcset=\"https:\/\/marcin.bilski.pracownik.put.poznan.pl\/wp-content\/uploads\/2024\/12\/RG-1024x1020.png 1024w, https:\/\/marcin.bilski.pracownik.put.poznan.pl\/wp-content\/uploads\/2024\/12\/RG-300x300.png 300w, https:\/\/marcin.bilski.pracownik.put.poznan.pl\/wp-content\/uploads\/2024\/12\/RG-150x150.png 150w, https:\/\/marcin.bilski.pracownik.put.poznan.pl\/wp-content\/uploads\/2024\/12\/RG-768x765.png 768w, https:\/\/marcin.bilski.pracownik.put.poznan.pl\/wp-content\/uploads\/2024\/12\/RG.png 1306w\" sizes=\"auto, (max-width: 1024px) 100vw, 1024px\" \/><\/a><\/figure>\n<\/div>\n\n\n\n<div class=\"wp-block-column is-layout-flow wp-block-column-is-layout-flow\">\n<figure class=\"wp-block-image aligncenter size-full is-resized has-custom-border wp-duotone-unset-1\"><a href=\"https:\/\/sin.put.poznan.pl\/people\/details\/marcin.bilski\"><img loading=\"lazy\" decoding=\"async\" width=\"354\" height=\"460\" src=\"https:\/\/marcin.bilski.pracownik.put.poznan.pl\/wp-content\/uploads\/2024\/12\/SIN.png\" alt=\"\" class=\"wp-image-246\" style=\"border-radius:20px;box-shadow:var(--wp--preset--shadow--deep);width:auto;height:180px\" srcset=\"https:\/\/marcin.bilski.pracownik.put.poznan.pl\/wp-content\/uploads\/2024\/12\/SIN.png 354w, https:\/\/marcin.bilski.pracownik.put.poznan.pl\/wp-content\/uploads\/2024\/12\/SIN-231x300.png 231w\" sizes=\"auto, (max-width: 354px) 100vw, 354px\" \/><\/a><\/figure>\n<\/div>\n\n\n\n<div class=\"wp-block-column is-layout-flow wp-block-column-is-layout-flow\">\n<figure class=\"wp-block-image alignleft size-full is-resized has-custom-border\"><a href=\"https:\/\/www.scopus.com\/authid\/detail.uri?authorId=57194769638\"><img loading=\"lazy\" decoding=\"async\" width=\"539\" height=\"217\" src=\"https:\/\/marcin.bilski.pracownik.put.poznan.pl\/wp-content\/uploads\/2024\/12\/Scopus.png\" alt=\"\" class=\"wp-image-247\" style=\"border-radius:20px;box-shadow:var(--wp--preset--shadow--deep);width:auto;height:100px\" srcset=\"https:\/\/marcin.bilski.pracownik.put.poznan.pl\/wp-content\/uploads\/2024\/12\/Scopus.png 539w, https:\/\/marcin.bilski.pracownik.put.poznan.pl\/wp-content\/uploads\/2024\/12\/Scopus-300x121.png 300w\" sizes=\"auto, (max-width: 539px) 100vw, 539px\" \/><\/a><\/figure>\n<\/div>\n<\/div>\n\n\n\n<div style=\"height:130px\" aria-hidden=\"true\" class=\"wp-block-spacer\"><\/div>\n\n\n\n<h2 class=\"wp-block-heading has-text-align-center has-text-color has-link-color wp-elements-89386d7cd2bd203f1ea56e5de3a0aae7\" style=\"color:#026b02;font-size:25px\"><em><strong>Prace badawcze<\/strong><\/em><\/h2>\n\n\n\n<div style=\"height:20px\" aria-hidden=\"true\" class=\"wp-block-spacer\"><\/div>\n\n\n\n<h2 class=\"wp-block-heading has-text-align-center has-border-color has-text-color has-link-color wp-elements-b6e15a5e677771e6ca294018b8015abb\" style=\"border-color:#23251e;border-width:2px;border-radius:12px;color:#23251e;padding-top:var(--wp--preset--spacing--30);padding-right:0;padding-bottom:var(--wp--preset--spacing--30);padding-left:0;font-size:18px\"><strong>Nasz zesp\u00f3\u0142 posiada do dyspozycji zaplecze laboratoryjne i komputerowe,<br>specjalistyczne pojazdy pomiarowe oraz niezb\u0119dne uprawnienia.<\/strong><\/h2>\n\n\n\n<div style=\"height:25px\" aria-hidden=\"true\" class=\"wp-block-spacer\"><\/div>\n\n\n\n<div class=\"wp-block-group has-border-color is-vertical is-content-justification-center is-layout-flex wp-container-core-group-is-layout-ce155fab wp-block-group-is-layout-flex\" style=\"border-color:#000000;border-width:2px;border-radius:10px\">\n<div style=\"height:0px\" aria-hidden=\"true\" class=\"wp-block-spacer wp-container-content-9760934e\"><\/div>\n\n\n\n<figure class=\"wp-block-image size-full has-custom-border\"><img loading=\"lazy\" decoding=\"async\" width=\"878\" height=\"274\" src=\"https:\/\/marcin.bilski.pracownik.put.poznan.pl\/wp-content\/uploads\/2024\/12\/a4.jpg\" alt=\"\" class=\"wp-image-264\" style=\"border-radius:10px\" srcset=\"https:\/\/marcin.bilski.pracownik.put.poznan.pl\/wp-content\/uploads\/2024\/12\/a4.jpg 878w, https:\/\/marcin.bilski.pracownik.put.poznan.pl\/wp-content\/uploads\/2024\/12\/a4-300x94.jpg 300w, https:\/\/marcin.bilski.pracownik.put.poznan.pl\/wp-content\/uploads\/2024\/12\/a4-768x240.jpg 768w\" sizes=\"auto, (max-width: 878px) 100vw, 878px\" \/><\/figure>\n\n\n\n<h2 class=\"wp-block-heading has-text-color has-link-color wp-elements-f8200215347c58c05c265697d62d293a\" style=\"color:#23251e;font-size:16px\"><em><strong>Zaplecze laboratoryjne do bada\u0144 lepiszczy asfaltowych wg norm PN-EN oraz specyfikacji Superpave.<br>Stanowiska badawcze do oznaczania wybranych w\u0142a\u015bciwo\u015bci mieszanek mineralno-asfaltowych.<\/strong><\/em><\/h2>\n\n\n\n<div style=\"height:0px\" aria-hidden=\"true\" class=\"wp-block-spacer wp-container-content-9760934e\"><\/div>\n<\/div>\n\n\n\n<div class=\"wp-block-uagb-slider uagb-block-f20c6415 uagb-slider-container\"><div class=\"uagb-slides uagb-swiper\"><div class=\"swiper-wrapper\">\n<div class=\"wp-block-uagb-slider-child uagb-slider-child-wrap swiper-slide uagb-block-7b306744\"><div class=\"swiper-content\">\n<div class=\"wp-block-uagb-container uagb-block-c3267fae alignfull uagb-is-root-container\"><div class=\"uagb-container-inner-blocks-wrap\">\n<figure class=\"wp-block-image aligncenter size-full is-resized has-custom-border\"><img loading=\"lazy\" decoding=\"async\" width=\"777\" height=\"956\" src=\"https:\/\/marcin.bilski.pracownik.put.poznan.pl\/wp-content\/uploads\/2024\/12\/a1.jpg\" alt=\"\" class=\"has-border-color has-ast-global-color-2-border-color wp-image-261\" style=\"border-width:2px;border-radius:10px;width:auto;height:750px\" srcset=\"https:\/\/marcin.bilski.pracownik.put.poznan.pl\/wp-content\/uploads\/2024\/12\/a1.jpg 777w, https:\/\/marcin.bilski.pracownik.put.poznan.pl\/wp-content\/uploads\/2024\/12\/a1-244x300.jpg 244w, https:\/\/marcin.bilski.pracownik.put.poznan.pl\/wp-content\/uploads\/2024\/12\/a1-768x945.jpg 768w\" sizes=\"auto, (max-width: 777px) 100vw, 777px\" \/><\/figure>\n<\/div><\/div>\n<\/div><\/div>\n\n\n\n<div class=\"wp-block-uagb-slider-child uagb-slider-child-wrap swiper-slide uagb-block-a6a6038c\"><div class=\"swiper-content\">\n<div class=\"wp-block-uagb-container uagb-block-8e2b3233 alignfull uagb-is-root-container\"><div class=\"uagb-container-inner-blocks-wrap\">\n<figure class=\"wp-block-image aligncenter size-full is-resized has-custom-border\"><img loading=\"lazy\" decoding=\"async\" width=\"787\" height=\"938\" src=\"https:\/\/marcin.bilski.pracownik.put.poznan.pl\/wp-content\/uploads\/2024\/12\/a2.jpg\" alt=\"\" class=\"has-border-color wp-image-262\" style=\"border-color:#000000;border-width:2px;border-radius:10px;width:auto;height:750px\" srcset=\"https:\/\/marcin.bilski.pracownik.put.poznan.pl\/wp-content\/uploads\/2024\/12\/a2.jpg 787w, https:\/\/marcin.bilski.pracownik.put.poznan.pl\/wp-content\/uploads\/2024\/12\/a2-252x300.jpg 252w, https:\/\/marcin.bilski.pracownik.put.poznan.pl\/wp-content\/uploads\/2024\/12\/a2-768x915.jpg 768w\" sizes=\"auto, (max-width: 787px) 100vw, 787px\" \/><\/figure>\n<\/div><\/div>\n<\/div><\/div>\n\n\n\n<div class=\"wp-block-uagb-slider-child uagb-slider-child-wrap swiper-slide uagb-block-8d8e4f61\"><div class=\"swiper-content\">\n<div class=\"wp-block-uagb-container uagb-block-a8e3d21a alignfull uagb-is-root-container\"><div class=\"uagb-container-inner-blocks-wrap\">\n<figure class=\"wp-block-image aligncenter size-full is-resized has-custom-border\" style=\"margin-top:var(--wp--preset--spacing--30);margin-right:var(--wp--preset--spacing--30);margin-bottom:var(--wp--preset--spacing--30);margin-left:var(--wp--preset--spacing--30)\"><img loading=\"lazy\" decoding=\"async\" width=\"772\" height=\"938\" src=\"https:\/\/marcin.bilski.pracownik.put.poznan.pl\/wp-content\/uploads\/2024\/12\/a3.jpg\" alt=\"\" class=\"has-border-color has-black-border-color wp-image-263\" style=\"border-width:2px;border-radius:10px;width:auto;height:750px\" srcset=\"https:\/\/marcin.bilski.pracownik.put.poznan.pl\/wp-content\/uploads\/2024\/12\/a3.jpg 772w, https:\/\/marcin.bilski.pracownik.put.poznan.pl\/wp-content\/uploads\/2024\/12\/a3-247x300.jpg 247w, https:\/\/marcin.bilski.pracownik.put.poznan.pl\/wp-content\/uploads\/2024\/12\/a3-768x933.jpg 768w\" sizes=\"auto, (max-width: 772px) 100vw, 772px\" \/><\/figure>\n<\/div><\/div>\n<\/div><\/div>\n<\/div><\/div><div class=\"swiper-pagination\"><\/div><div class=\"swiper-button-prev\"><\/div><div class=\"swiper-button-next\"><\/div><\/div>\n\n\n\n<div style=\"height:131px\" aria-hidden=\"true\" class=\"wp-block-spacer\"><\/div>\n","protected":false},"excerpt":{"rendered":"<p>DZIA\u0141ALNO\u015a\u0106 NAUKOWA I PRACE BADAWCZE Zapraszam do kontaktu osoby zainteresowane wsp\u00f3\u0142prac\u0105w ramach bada\u0144 naukowych oraz prac zleconych. Wykaz publikacji Prace [&hellip;]<\/p>\n","protected":false},"author":1,"featured_media":0,"parent":0,"menu_order":0,"comment_status":"closed","ping_status":"closed","template":"","meta":{"_uag_custom_page_level_css":"","site-sidebar-layout":"default","site-content-layout":"","ast-site-content-layout":"","site-content-style":"default","site-sidebar-style":"default","ast-global-header-display":"","ast-banner-title-visibility":"","ast-main-header-display":"","ast-hfb-above-header-display":"","ast-hfb-below-header-display":"","ast-hfb-mobile-header-display":"","site-post-title":"disabled","ast-breadcrumbs-content":"","ast-featured-img":"","footer-sml-layout":"","ast-disable-related-posts":"","theme-transparent-header-meta":"","adv-header-id-meta":"","stick-header-meta":"","header-above-stick-meta":"","header-main-stick-meta":"","header-below-stick-meta":"","astra-migrate-meta-layouts":"default","ast-page-background-enabled":"default","ast-page-background-meta":{"desktop":{"background-color":"var(--ast-global-color-4)","background-image":"","background-repeat":"repeat","background-position":"center center","background-size":"auto","background-attachment":"scroll","background-type":"","background-media":"","overlay-type":"","overlay-color":"","overlay-opacity":"","overlay-gradient":""},"tablet":{"background-color":"","background-image":"","background-repeat":"repeat","background-position":"center center","background-size":"auto","background-attachment":"scroll","background-type":"","background-media":"","overlay-type":"","overlay-color":"","overlay-opacity":"","overlay-gradient":""},"mobile":{"background-color":"","background-image":"","background-repeat":"repeat","background-position":"center center","background-size":"auto","background-attachment":"scroll","background-type":"","background-media":"","overlay-type":"","overlay-color":"","overlay-opacity":"","overlay-gradient":""}},"ast-content-background-meta":{"desktop":{"background-color":"var(--ast-global-color-5)","background-image":"","background-repeat":"repeat","background-position":"center center","background-size":"auto","background-attachment":"scroll","background-type":"","background-media":"","overlay-type":"","overlay-color":"","overlay-opacity":"","overlay-gradient":""},"tablet":{"background-color":"var(--ast-global-color-5)","background-image":"","background-repeat":"repeat","background-position":"center center","background-size":"auto","background-attachment":"scroll","background-type":"","background-media":"","overlay-type":"","overlay-color":"","overlay-opacity":"","overlay-gradient":""},"mobile":{"background-color":"var(--ast-global-color-5)","background-image":"","background-repeat":"repeat","background-position":"center center","background-size":"auto","background-attachment":"scroll","background-type":"","background-media":"","overlay-type":"","overlay-color":"","overlay-opacity":"","overlay-gradient":""}},"footnotes":""},"class_list":["post-94","page","type-page","status-publish","hentry"],"yoast_head":"<!-- This site is optimized with the Yoast SEO plugin v27.5 - https:\/\/yoast.com\/product\/yoast-seo-wordpress\/ -->\n<title>nauka<\/title>\n<meta name=\"description\" content=\"Informacje na temat dzia\u0142alno\u015bci naukowej\" \/>\n<meta name=\"robots\" content=\"index, follow, max-snippet:-1, max-image-preview:large, max-video-preview:-1\" \/>\n<link rel=\"canonical\" href=\"https:\/\/marcin.bilski.pracownik.put.poznan.pl\/index.php\/nauka-pl\/\" \/>\n<meta property=\"og:locale\" content=\"pl_PL\" \/>\n<meta property=\"og:type\" content=\"article\" \/>\n<meta property=\"og:title\" content=\"nauka\" \/>\n<meta property=\"og:description\" content=\"Informacje na temat dzia\u0142alno\u015bci naukowej\" \/>\n<meta property=\"og:url\" content=\"https:\/\/marcin.bilski.pracownik.put.poznan.pl\/index.php\/nauka-pl\/\" \/>\n<meta property=\"og:site_name\" content=\"Marcin Bilski - PUT Pozna\u0144\" \/>\n<meta property=\"article:modified_time\" content=\"2025-03-10T14:29:26+00:00\" \/>\n<meta property=\"og:image\" content=\"https:\/\/marcin.bilski.pracownik.put.poznan.pl\/wp-content\/uploads\/2024\/12\/logo_nauka.jpg\" \/>\n\t<meta property=\"og:image:width\" content=\"1057\" \/>\n\t<meta property=\"og:image:height\" content=\"372\" \/>\n\t<meta property=\"og:image:type\" content=\"image\/jpeg\" \/>\n<meta name=\"twitter:card\" content=\"summary_large_image\" \/>\n<meta name=\"twitter:label1\" content=\"Szacowany czas czytania\" \/>\n\t<meta name=\"twitter:data1\" content=\"4 minuty\" \/>\n<script type=\"application\/ld+json\" class=\"yoast-schema-graph\">{\"@context\":\"https:\\\/\\\/schema.org\",\"@graph\":[{\"@type\":\"WebPage\",\"@id\":\"https:\\\/\\\/marcin.bilski.pracownik.put.poznan.pl\\\/index.php\\\/nauka-pl\\\/\",\"url\":\"https:\\\/\\\/marcin.bilski.pracownik.put.poznan.pl\\\/index.php\\\/nauka-pl\\\/\",\"name\":\"nauka\",\"isPartOf\":{\"@id\":\"https:\\\/\\\/marcin.bilski.pracownik.put.poznan.pl\\\/#website\"},\"primaryImageOfPage\":{\"@id\":\"https:\\\/\\\/marcin.bilski.pracownik.put.poznan.pl\\\/index.php\\\/nauka-pl\\\/#primaryimage\"},\"image\":{\"@id\":\"https:\\\/\\\/marcin.bilski.pracownik.put.poznan.pl\\\/index.php\\\/nauka-pl\\\/#primaryimage\"},\"thumbnailUrl\":\"https:\\\/\\\/marcin.bilski.pracownik.put.poznan.pl\\\/wp-content\\\/uploads\\\/2024\\\/12\\\/logo_nauka-1024x360.jpg\",\"datePublished\":\"2024-12-04T14:20:25+00:00\",\"dateModified\":\"2025-03-10T14:29:26+00:00\",\"description\":\"Informacje na temat dzia\u0142alno\u015bci naukowej\",\"breadcrumb\":{\"@id\":\"https:\\\/\\\/marcin.bilski.pracownik.put.poznan.pl\\\/index.php\\\/nauka-pl\\\/#breadcrumb\"},\"inLanguage\":\"pl-PL\",\"potentialAction\":[{\"@type\":\"ReadAction\",\"target\":[\"https:\\\/\\\/marcin.bilski.pracownik.put.poznan.pl\\\/index.php\\\/nauka-pl\\\/\"]}]},{\"@type\":\"ImageObject\",\"inLanguage\":\"pl-PL\",\"@id\":\"https:\\\/\\\/marcin.bilski.pracownik.put.poznan.pl\\\/index.php\\\/nauka-pl\\\/#primaryimage\",\"url\":\"https:\\\/\\\/marcin.bilski.pracownik.put.poznan.pl\\\/wp-content\\\/uploads\\\/2024\\\/12\\\/logo_nauka.jpg\",\"contentUrl\":\"https:\\\/\\\/marcin.bilski.pracownik.put.poznan.pl\\\/wp-content\\\/uploads\\\/2024\\\/12\\\/logo_nauka.jpg\",\"width\":1057,\"height\":372},{\"@type\":\"BreadcrumbList\",\"@id\":\"https:\\\/\\\/marcin.bilski.pracownik.put.poznan.pl\\\/index.php\\\/nauka-pl\\\/#breadcrumb\",\"itemListElement\":[{\"@type\":\"ListItem\",\"position\":1,\"name\":\"Strona g\u0142\u00f3wna\",\"item\":\"https:\\\/\\\/marcin.bilski.pracownik.put.poznan.pl\\\/\"},{\"@type\":\"ListItem\",\"position\":2,\"name\":\"nauka pl\"}]},{\"@type\":\"WebSite\",\"@id\":\"https:\\\/\\\/marcin.bilski.pracownik.put.poznan.pl\\\/#website\",\"url\":\"https:\\\/\\\/marcin.bilski.pracownik.put.poznan.pl\\\/\",\"name\":\"Marcin Bilski - PUT Pozna\u0144\",\"description\":\"\",\"publisher\":{\"@id\":\"https:\\\/\\\/marcin.bilski.pracownik.put.poznan.pl\\\/#organization\"},\"potentialAction\":[{\"@type\":\"SearchAction\",\"target\":{\"@type\":\"EntryPoint\",\"urlTemplate\":\"https:\\\/\\\/marcin.bilski.pracownik.put.poznan.pl\\\/?s={search_term_string}\"},\"query-input\":{\"@type\":\"PropertyValueSpecification\",\"valueRequired\":true,\"valueName\":\"search_term_string\"}}],\"inLanguage\":\"pl-PL\"},{\"@type\":\"Organization\",\"@id\":\"https:\\\/\\\/marcin.bilski.pracownik.put.poznan.pl\\\/#organization\",\"name\":\"Marcin Bilski - PUT Pozna\u0144\",\"url\":\"https:\\\/\\\/marcin.bilski.pracownik.put.poznan.pl\\\/\",\"logo\":{\"@type\":\"ImageObject\",\"inLanguage\":\"pl-PL\",\"@id\":\"https:\\\/\\\/marcin.bilski.pracownik.put.poznan.pl\\\/#\\\/schema\\\/logo\\\/image\\\/\",\"url\":\"https:\\\/\\\/marcin.bilski.pracownik.put.poznan.pl\\\/wp-content\\\/uploads\\\/2024\\\/12\\\/road-icon.png\",\"contentUrl\":\"https:\\\/\\\/marcin.bilski.pracownik.put.poznan.pl\\\/wp-content\\\/uploads\\\/2024\\\/12\\\/road-icon.png\",\"width\":512,\"height\":512,\"caption\":\"Marcin Bilski - PUT Pozna\u0144\"},\"image\":{\"@id\":\"https:\\\/\\\/marcin.bilski.pracownik.put.poznan.pl\\\/#\\\/schema\\\/logo\\\/image\\\/\"}}]}<\/script>\n<!-- \/ Yoast SEO plugin. -->","yoast_head_json":{"title":"nauka","description":"Informacje na temat dzia\u0142alno\u015bci naukowej","robots":{"index":"index","follow":"follow","max-snippet":"max-snippet:-1","max-image-preview":"max-image-preview:large","max-video-preview":"max-video-preview:-1"},"canonical":"https:\/\/marcin.bilski.pracownik.put.poznan.pl\/index.php\/nauka-pl\/","og_locale":"pl_PL","og_type":"article","og_title":"nauka","og_description":"Informacje na temat dzia\u0142alno\u015bci naukowej","og_url":"https:\/\/marcin.bilski.pracownik.put.poznan.pl\/index.php\/nauka-pl\/","og_site_name":"Marcin Bilski - PUT Pozna\u0144","article_modified_time":"2025-03-10T14:29:26+00:00","og_image":[{"width":1057,"height":372,"url":"https:\/\/marcin.bilski.pracownik.put.poznan.pl\/wp-content\/uploads\/2024\/12\/logo_nauka.jpg","type":"image\/jpeg"}],"twitter_card":"summary_large_image","twitter_misc":{"Szacowany czas czytania":"4 minuty"},"schema":{"@context":"https:\/\/schema.org","@graph":[{"@type":"WebPage","@id":"https:\/\/marcin.bilski.pracownik.put.poznan.pl\/index.php\/nauka-pl\/","url":"https:\/\/marcin.bilski.pracownik.put.poznan.pl\/index.php\/nauka-pl\/","name":"nauka","isPartOf":{"@id":"https:\/\/marcin.bilski.pracownik.put.poznan.pl\/#website"},"primaryImageOfPage":{"@id":"https:\/\/marcin.bilski.pracownik.put.poznan.pl\/index.php\/nauka-pl\/#primaryimage"},"image":{"@id":"https:\/\/marcin.bilski.pracownik.put.poznan.pl\/index.php\/nauka-pl\/#primaryimage"},"thumbnailUrl":"https:\/\/marcin.bilski.pracownik.put.poznan.pl\/wp-content\/uploads\/2024\/12\/logo_nauka-1024x360.jpg","datePublished":"2024-12-04T14:20:25+00:00","dateModified":"2025-03-10T14:29:26+00:00","description":"Informacje na temat dzia\u0142alno\u015bci naukowej","breadcrumb":{"@id":"https:\/\/marcin.bilski.pracownik.put.poznan.pl\/index.php\/nauka-pl\/#breadcrumb"},"inLanguage":"pl-PL","potentialAction":[{"@type":"ReadAction","target":["https:\/\/marcin.bilski.pracownik.put.poznan.pl\/index.php\/nauka-pl\/"]}]},{"@type":"ImageObject","inLanguage":"pl-PL","@id":"https:\/\/marcin.bilski.pracownik.put.poznan.pl\/index.php\/nauka-pl\/#primaryimage","url":"https:\/\/marcin.bilski.pracownik.put.poznan.pl\/wp-content\/uploads\/2024\/12\/logo_nauka.jpg","contentUrl":"https:\/\/marcin.bilski.pracownik.put.poznan.pl\/wp-content\/uploads\/2024\/12\/logo_nauka.jpg","width":1057,"height":372},{"@type":"BreadcrumbList","@id":"https:\/\/marcin.bilski.pracownik.put.poznan.pl\/index.php\/nauka-pl\/#breadcrumb","itemListElement":[{"@type":"ListItem","position":1,"name":"Strona g\u0142\u00f3wna","item":"https:\/\/marcin.bilski.pracownik.put.poznan.pl\/"},{"@type":"ListItem","position":2,"name":"nauka pl"}]},{"@type":"WebSite","@id":"https:\/\/marcin.bilski.pracownik.put.poznan.pl\/#website","url":"https:\/\/marcin.bilski.pracownik.put.poznan.pl\/","name":"Marcin Bilski - PUT Pozna\u0144","description":"","publisher":{"@id":"https:\/\/marcin.bilski.pracownik.put.poznan.pl\/#organization"},"potentialAction":[{"@type":"SearchAction","target":{"@type":"EntryPoint","urlTemplate":"https:\/\/marcin.bilski.pracownik.put.poznan.pl\/?s={search_term_string}"},"query-input":{"@type":"PropertyValueSpecification","valueRequired":true,"valueName":"search_term_string"}}],"inLanguage":"pl-PL"},{"@type":"Organization","@id":"https:\/\/marcin.bilski.pracownik.put.poznan.pl\/#organization","name":"Marcin Bilski - PUT Pozna\u0144","url":"https:\/\/marcin.bilski.pracownik.put.poznan.pl\/","logo":{"@type":"ImageObject","inLanguage":"pl-PL","@id":"https:\/\/marcin.bilski.pracownik.put.poznan.pl\/#\/schema\/logo\/image\/","url":"https:\/\/marcin.bilski.pracownik.put.poznan.pl\/wp-content\/uploads\/2024\/12\/road-icon.png","contentUrl":"https:\/\/marcin.bilski.pracownik.put.poznan.pl\/wp-content\/uploads\/2024\/12\/road-icon.png","width":512,"height":512,"caption":"Marcin Bilski - PUT Pozna\u0144"},"image":{"@id":"https:\/\/marcin.bilski.pracownik.put.poznan.pl\/#\/schema\/logo\/image\/"}}]}},"uagb_featured_image_src":{"full":false,"thumbnail":false,"medium":false,"medium_large":false,"large":false,"1536x1536":false,"2048x2048":false},"uagb_author_info":{"display_name":"marcin.bilski","author_link":"https:\/\/marcin.bilski.pracownik.put.poznan.pl\/index.php\/author\/marcin-bilski\/"},"uagb_comment_info":0,"uagb_excerpt":"DZIA\u0141ALNO\u015a\u0106 NAUKOWA I PRACE BADAWCZE Zapraszam do kontaktu osoby zainteresowane wsp\u00f3\u0142prac\u0105w ramach bada\u0144 naukowych oraz prac zleconych. Wykaz publikacji Prace [&hellip;]","_links":{"self":[{"href":"https:\/\/marcin.bilski.pracownik.put.poznan.pl\/index.php\/wp-json\/wp\/v2\/pages\/94","targetHints":{"allow":["GET"]}}],"collection":[{"href":"https:\/\/marcin.bilski.pracownik.put.poznan.pl\/index.php\/wp-json\/wp\/v2\/pages"}],"about":[{"href":"https:\/\/marcin.bilski.pracownik.put.poznan.pl\/index.php\/wp-json\/wp\/v2\/types\/page"}],"author":[{"embeddable":true,"href":"https:\/\/marcin.bilski.pracownik.put.poznan.pl\/index.php\/wp-json\/wp\/v2\/users\/1"}],"replies":[{"embeddable":true,"href":"https:\/\/marcin.bilski.pracownik.put.poznan.pl\/index.php\/wp-json\/wp\/v2\/comments?post=94"}],"version-history":[{"count":40,"href":"https:\/\/marcin.bilski.pracownik.put.poznan.pl\/index.php\/wp-json\/wp\/v2\/pages\/94\/revisions"}],"predecessor-version":[{"id":679,"href":"https:\/\/marcin.bilski.pracownik.put.poznan.pl\/index.php\/wp-json\/wp\/v2\/pages\/94\/revisions\/679"}],"wp:attachment":[{"href":"https:\/\/marcin.bilski.pracownik.put.poznan.pl\/index.php\/wp-json\/wp\/v2\/media?parent=94"}],"curies":[{"name":"wp","href":"https:\/\/api.w.org\/{rel}","templated":true}]}}